{"id":1231,"date":"2022-05-19T11:43:56","date_gmt":"2022-05-19T03:43:56","guid":{"rendered":"https:\/\/www.testsealabs-kit.com\/?post_type=product&#038;p=1231"},"modified":"2022-05-19T11:43:56","modified_gmt":"2022-05-19T03:43:56","slug":"canine-toxoplasma-antibody-testc-toxo-ab","status":"publish","type":"product","link":"https:\/\/www.testsealabs-kit.com\/sk\/produkt\/canine-toxoplasma-antibody-testc-toxo-ab\/","title":{"rendered":"Test na protil\u00e1tky proti psom (C.TOXO Ab)"},"content":{"rendered":"<p><span style=\"font-size: 14pt;\">1.Get v\u00fdsledok do 15 min\u00fat<\/span><br \/>\n<span style=\"font-size: 14pt;\">2.Easy na zber vzoriek<\/span><br \/>\n<span style=\"font-size: 14pt;\">3.V\u00fdsledky s\u00fa jasne vidite\u013en\u00e9<\/span><br \/>\n<span style=\"font-size: 14pt;\">4.\u017diadne vybavenie nie je potrebn\u00e9<\/span><br \/>\n<span style=\"font-size: 14pt;\">5.Vhodn\u00fd na rozsiahly r\u00fdchly skr\u00edning<\/span><\/p>","protected":false},"excerpt":{"rendered":"<p>Tento produkt je kvalitat\u00edvny imunochromatografick\u00fd test na b\u00e1ze koloidn\u00e9ho zlata na detekciu protil\u00e1tok proti Toxoplasme.<\/p>\n<p>&nbsp;<\/p>\n<p>Toxoplazm\u00f3za je druh zoon\u00f3zy sp\u00f4sobenej bakt\u00e9riou Toxoplasma gondii, ktor\u00e1 je roz\u0161\u00edren\u00e1 po celom svete a v\u00e1\u017ene ohrozuje \u013eudsk\u00e9 zdravie. Toxoplasma gondii m\u00f4\u017ee infikova\u0165 v\u0161etky druhy hospod\u00e1rskych a vo\u013ene \u017eij\u00facich zvierat, ale najn\u00e1chylnej\u0161ie s\u00fa na \u0148u mlad\u00e9 zvierat\u00e1. Hlavn\u00e1 cesta n\u00e1kazy je or\u00e1lna. Ke\u010f zdrav\u00fd pes prehltne sporatedocystu Toxoplasma gondii, unikne z \u010drevn\u00e9ho traktu a krvn\u00fdm obehom sa dostane do tkaniva organizmu, potom napadne a r\u00fdchlo sa rozmno\u017e\u00ed v bunk\u00e1ch a zmen\u00ed sa na vn\u00fatrobunkov\u00fa pseudocystu, ktor\u00e1 sp\u00f4sob\u00ed klinick\u00e9 pr\u00edznaky.<\/p>","protected":false},"featured_media":1216,"comment_status":"open","ping_status":"closed","template":"","meta":[],"product_brand":[],"product_cat":[20,47],"product_tag":[],"class_list":{"0":"post-1231","1":"product","2":"type-product","3":"status-publish","4":"has-post-thumbnail","6":"product_cat-all-products","7":"product_cat-animals-diagnostic-rapid-test","8":"entry","10":"first","11":"instock","12":"shipping-taxable","13":"product-type-simple"},"_links":{"self":[{"href":"https:\/\/www.testsealabs-kit.com\/sk\/wp-json\/wp\/v2\/product\/1231","targetHints":{"allow":["GET"]}}],"collection":[{"href":"https:\/\/www.testsealabs-kit.com\/sk\/wp-json\/wp\/v2\/product"}],"about":[{"href":"https:\/\/www.testsealabs-kit.com\/sk\/wp-json\/wp\/v2\/types\/product"}],"replies":[{"embeddable":true,"href":"https:\/\/www.testsealabs-kit.com\/sk\/wp-json\/wp\/v2\/comments?post=1231"}],"wp:featuredmedia":[{"embeddable":true,"href":"https:\/\/www.testsealabs-kit.com\/sk\/wp-json\/wp\/v2\/media\/1216"}],"wp:attachment":[{"href":"https:\/\/www.testsealabs-kit.com\/sk\/wp-json\/wp\/v2\/media?parent=1231"}],"wp:term":[{"taxonomy":"product_brand","embeddable":true,"href":"https:\/\/www.testsealabs-kit.com\/sk\/wp-json\/wp\/v2\/product_brand?post=1231"},{"taxonomy":"product_cat","embeddable":true,"href":"https:\/\/www.testsealabs-kit.com\/sk\/wp-json\/wp\/v2\/product_cat?post=1231"},{"taxonomy":"product_tag","embeddable":true,"href":"https:\/\/www.testsealabs-kit.com\/sk\/wp-json\/wp\/v2\/product_tag?post=1231"}],"curies":[{"name":"wp","href":"https:\/\/api.w.org\/{rel}","templated":true}]}}