{"id":1235,"date":"2022-05-19T12:00:01","date_gmt":"2022-05-19T04:00:01","guid":{"rendered":"https:\/\/www.testsealabs-kit.com\/?post_type=product&#038;p=1235"},"modified":"2026-02-06T12:36:57","modified_gmt":"2026-02-06T04:36:57","slug":"rabies-antibody-testrabies-ab","status":"publish","type":"product","link":"https:\/\/www.testsealabs-kit.com\/sk\/produkt\/rabies-antibody-testrabies-ab\/","title":{"rendered":"Test na protil\u00e1tky proti besnote (Rabies Ab)"},"content":{"rendered":"<p><span style=\"font-size: 14pt;\">1.Get v\u00fdsledok do 15 min\u00fat<\/span><br \/>\n<span style=\"font-size: 14pt;\">2.Easy na zber vzoriek<\/span><br \/>\n<span style=\"font-size: 14pt;\">3.V\u00fdsledky s\u00fa jasne vidite\u013en\u00e9<\/span><br \/>\n<span style=\"font-size: 14pt;\">4.\u017diadne vybavenie nie je potrebn\u00e9<\/span><br \/>\n<span style=\"font-size: 14pt;\">5.Vhodn\u00fd na rozsiahly r\u00fdchly skr\u00edning<\/span><\/p>","protected":false},"excerpt":{"rendered":"<p>Test na protil\u00e1tky proti besnote je bo\u010dn\u00fd prietokov\u00fd imunochromatografick\u00fd test na kvalitat\u00edvnu detekciu protil\u00e1tok proti v\u00edrusu besnoty (Rabies Ab) nad hladinou 0,5IU\/ml v plnej krvi\/s\u00e9re psa.<\/p>\n<p>&nbsp;<\/p>\n<p>Tento produkt je \u017eivotne d\u00f4le\u017eitou chorobou pre zvierat\u00e1 aj \u013eud\u00ed. Pes alebo ma\u010dka m\u00f4\u017eu by\u0165 nosite\u013emi bez ak\u00fdchko\u013evek klinick\u00fdch pr\u00edznakov. O\u010dkovanie by zrejme mohlo zn\u00ed\u017ei\u0165 pomer nosi\u010dstva a infekcie v\u00edrusom besnoty. Ale aj po o\u010dkovan\u00ed st\u00e1le existuje pribli\u017ene 15% z celkov\u00e9ho po\u010dtu pr\u00edpadov, ktor\u00e9 si nemohli vytvori\u0165 ochrann\u00e9 protil\u00e1tky. Navrhuje sa zis\u0165ova\u0165 protil\u00e1tky proti besnote u psov po 45-d\u0148ovej vakcin\u00e1cii.<\/p>","protected":false},"featured_media":1216,"comment_status":"open","ping_status":"closed","template":"","meta":[],"product_brand":[],"product_cat":[20,47],"product_tag":[],"class_list":{"0":"post-1235","1":"product","2":"type-product","3":"status-publish","4":"has-post-thumbnail","6":"product_cat-all-products","7":"product_cat-animals-diagnostic-rapid-test","8":"entry","10":"first","11":"instock","12":"shipping-taxable","13":"product-type-simple"},"_links":{"self":[{"href":"https:\/\/www.testsealabs-kit.com\/sk\/wp-json\/wp\/v2\/product\/1235","targetHints":{"allow":["GET"]}}],"collection":[{"href":"https:\/\/www.testsealabs-kit.com\/sk\/wp-json\/wp\/v2\/product"}],"about":[{"href":"https:\/\/www.testsealabs-kit.com\/sk\/wp-json\/wp\/v2\/types\/product"}],"replies":[{"embeddable":true,"href":"https:\/\/www.testsealabs-kit.com\/sk\/wp-json\/wp\/v2\/comments?post=1235"}],"wp:featuredmedia":[{"embeddable":true,"href":"https:\/\/www.testsealabs-kit.com\/sk\/wp-json\/wp\/v2\/media\/1216"}],"wp:attachment":[{"href":"https:\/\/www.testsealabs-kit.com\/sk\/wp-json\/wp\/v2\/media?parent=1235"}],"wp:term":[{"taxonomy":"product_brand","embeddable":true,"href":"https:\/\/www.testsealabs-kit.com\/sk\/wp-json\/wp\/v2\/product_brand?post=1235"},{"taxonomy":"product_cat","embeddable":true,"href":"https:\/\/www.testsealabs-kit.com\/sk\/wp-json\/wp\/v2\/product_cat?post=1235"},{"taxonomy":"product_tag","embeddable":true,"href":"https:\/\/www.testsealabs-kit.com\/sk\/wp-json\/wp\/v2\/product_tag?post=1235"}],"curies":[{"name":"wp","href":"https:\/\/api.w.org\/{rel}","templated":true}]}}