{"id":1238,"date":"2022-05-19T13:21:18","date_gmt":"2022-05-19T05:21:18","guid":{"rendered":"https:\/\/www.testsealabs-kit.com\/?post_type=product&#038;p=1238"},"modified":"2022-05-19T13:21:19","modified_gmt":"2022-05-19T05:21:19","slug":"feline-calicivirus-antigen-testfcv-ag-2","status":"publish","type":"product","link":"https:\/\/www.testsealabs-kit.com\/sk\/produkt\/feline-calicivirus-antigen-testfcv-ag-2\/","title":{"rendered":"Test na ma\u010dac\u00ed kaliciv\u00edrusov\u00fd antig\u00e9n (FCV Ag)"},"content":{"rendered":"<p><span style=\"font-size: 14pt;\">1.Get v\u00fdsledok do 15 min\u00fat<\/span><br \/>\n<span style=\"font-size: 14pt;\">2.Easy na zber vzoriek<\/span><br \/>\n<span style=\"font-size: 14pt;\">3.V\u00fdsledky s\u00fa jasne vidite\u013en\u00e9<\/span><br \/>\n<span style=\"font-size: 14pt;\">4.\u017diadne vybavenie nie je potrebn\u00e9<\/span><br \/>\n<span style=\"font-size: 14pt;\">5.Vhodn\u00fd na rozsiahly r\u00fdchly skr\u00edning<\/span><\/p>","protected":false},"excerpt":{"rendered":"<p>Tento produkt je imunochromatografick\u00fd test s later\u00e1lnym tokom na kvalitat\u00edvnu detekciu antig\u00e9nu ma\u010dacieho kaliciv\u00edrusu (FCV Ag) v sekr\u00e9toch z o\u010d\u00ed a spojoviek ma\u010dky.<\/p>","protected":false},"featured_media":1216,"comment_status":"open","ping_status":"closed","template":"","meta":[],"product_brand":[],"product_cat":[20,47],"product_tag":[],"class_list":{"0":"post-1238","1":"product","2":"type-product","3":"status-publish","4":"has-post-thumbnail","6":"product_cat-all-products","7":"product_cat-animals-diagnostic-rapid-test","8":"entry","10":"first","11":"instock","12":"shipping-taxable","13":"product-type-simple"},"_links":{"self":[{"href":"https:\/\/www.testsealabs-kit.com\/sk\/wp-json\/wp\/v2\/product\/1238","targetHints":{"allow":["GET"]}}],"collection":[{"href":"https:\/\/www.testsealabs-kit.com\/sk\/wp-json\/wp\/v2\/product"}],"about":[{"href":"https:\/\/www.testsealabs-kit.com\/sk\/wp-json\/wp\/v2\/types\/product"}],"replies":[{"embeddable":true,"href":"https:\/\/www.testsealabs-kit.com\/sk\/wp-json\/wp\/v2\/comments?post=1238"}],"wp:featuredmedia":[{"embeddable":true,"href":"https:\/\/www.testsealabs-kit.com\/sk\/wp-json\/wp\/v2\/media\/1216"}],"wp:attachment":[{"href":"https:\/\/www.testsealabs-kit.com\/sk\/wp-json\/wp\/v2\/media?parent=1238"}],"wp:term":[{"taxonomy":"product_brand","embeddable":true,"href":"https:\/\/www.testsealabs-kit.com\/sk\/wp-json\/wp\/v2\/product_brand?post=1238"},{"taxonomy":"product_cat","embeddable":true,"href":"https:\/\/www.testsealabs-kit.com\/sk\/wp-json\/wp\/v2\/product_cat?post=1238"},{"taxonomy":"product_tag","embeddable":true,"href":"https:\/\/www.testsealabs-kit.com\/sk\/wp-json\/wp\/v2\/product_tag?post=1238"}],"curies":[{"name":"wp","href":"https:\/\/api.w.org\/{rel}","templated":true}]}}