{"id":1244,"date":"2022-05-19T13:31:43","date_gmt":"2022-05-19T05:31:43","guid":{"rendered":"https:\/\/www.testsealabs-kit.com\/?post_type=product&#038;p=1244"},"modified":"2025-05-15T20:22:11","modified_gmt":"2025-05-15T12:22:11","slug":"sars-cov-2-neutralizing-antibody-test-cassette","status":"publish","type":"product","link":"https:\/\/www.testsealabs-kit.com\/sk\/produkt\/sars-cov-2-neutralizing-antibody-test-cassette\/","title":{"rendered":"Testovacia kazeta s neutraliza\u010dn\u00fdmi protil\u00e1tkami proti SARS-CoV-2"},"content":{"rendered":"<p><span style=\"font-size: 14pt;\">1.Get v\u00fdsledok do 15 min\u00fat<\/span><br \/>\n<span style=\"font-size: 14pt;\">2.Easy na zber vzoriek<\/span><br \/>\n<span style=\"font-size: 14pt;\">3.V\u00fdsledky s\u00fa jasne vidite\u013en\u00e9<\/span><br \/>\n<span style=\"font-size: 14pt;\">4.\u017diadne vybavenie nie je potrebn\u00e9<\/span><br \/>\n<span style=\"font-size: 14pt;\">5.Vhodn\u00fd na rozsiahly r\u00fdchly skr\u00edning<\/span><\/p>","protected":false},"excerpt":{"rendered":"<p>Testovacia kazeta s neutraliza\u010dn\u00fdmi protil\u00e1tkami proti SARS-CoV-2 je r\u00fdchly chromatografick\u00fd imunoanalytick\u00fd test na semikvantitat\u00edvnu detekciu neutraliza\u010dn\u00fdch protil\u00e1tok proti koronav\u00edrusom z roku 2019 v s\u00e9re\/plazme\/celkovej krvi ako pom\u00f4cka na hodnotenie titrov neutraliza\u010dn\u00fdch protil\u00e1tok proti nov\u00fdm koronav\u00edrusom u \u013eud\u00ed.<\/p>","protected":false},"featured_media":1245,"comment_status":"open","ping_status":"closed","template":"","meta":[],"product_brand":[],"product_cat":[20,26],"product_tag":[],"class_list":{"0":"post-1244","1":"product","2":"type-product","3":"status-publish","4":"has-post-thumbnail","6":"product_cat-all-products","7":"product_cat-covid-19-sars-cov-2-rapid-test","8":"entry","10":"first","11":"instock","12":"shipping-taxable","13":"product-type-simple"},"_links":{"self":[{"href":"https:\/\/www.testsealabs-kit.com\/sk\/wp-json\/wp\/v2\/product\/1244","targetHints":{"allow":["GET"]}}],"collection":[{"href":"https:\/\/www.testsealabs-kit.com\/sk\/wp-json\/wp\/v2\/product"}],"about":[{"href":"https:\/\/www.testsealabs-kit.com\/sk\/wp-json\/wp\/v2\/types\/product"}],"replies":[{"embeddable":true,"href":"https:\/\/www.testsealabs-kit.com\/sk\/wp-json\/wp\/v2\/comments?post=1244"}],"wp:featuredmedia":[{"embeddable":true,"href":"https:\/\/www.testsealabs-kit.com\/sk\/wp-json\/wp\/v2\/media\/1245"}],"wp:attachment":[{"href":"https:\/\/www.testsealabs-kit.com\/sk\/wp-json\/wp\/v2\/media?parent=1244"}],"wp:term":[{"taxonomy":"product_brand","embeddable":true,"href":"https:\/\/www.testsealabs-kit.com\/sk\/wp-json\/wp\/v2\/product_brand?post=1244"},{"taxonomy":"product_cat","embeddable":true,"href":"https:\/\/www.testsealabs-kit.com\/sk\/wp-json\/wp\/v2\/product_cat?post=1244"},{"taxonomy":"product_tag","embeddable":true,"href":"https:\/\/www.testsealabs-kit.com\/sk\/wp-json\/wp\/v2\/product_tag?post=1244"}],"curies":[{"name":"wp","href":"https:\/\/api.w.org\/{rel}","templated":true}]}}