{"id":1259,"date":"2022-05-19T13:58:12","date_gmt":"2022-05-19T05:58:12","guid":{"rendered":"https:\/\/www.testsealabs-kit.com\/?post_type=product&#038;p=1259"},"modified":"2025-08-05T13:48:00","modified_gmt":"2025-08-05T05:48:00","slug":"covid-19-antigen-test-cassette-2-in-1swab-saliva","status":"publish","type":"product","link":"https:\/\/www.testsealabs-kit.com\/sk\/produkt\/covid-19-antigen-test-cassette-2-in-1swab-saliva\/","title":{"rendered":"Testovacia kazeta s antig\u00e9nom COVID-19 -2 v 1 (tamp\u00f3n\/slina)"},"content":{"rendered":"<p><span style=\"font-size: 14pt;\">1.Get v\u00fdsledok do 15 min\u00fat<\/span><br \/>\n<span style=\"font-size: 14pt;\">2.Easy na zber vzoriek<\/span><br \/>\n<span style=\"font-size: 14pt;\">3.V\u00fdsledky s\u00fa jasne vidite\u013en\u00e9<\/span><br \/>\n<span style=\"font-size: 14pt;\">4.\u017diadne vybavenie nie je potrebn\u00e9<\/span><br \/>\n<span style=\"font-size: 14pt;\">5.Vhodn\u00fd na rozsiahly r\u00fdchly skr\u00edning<\/span><\/p>","protected":false},"excerpt":{"rendered":"<p>Produkt sl\u00fa\u017ei na kvalitat\u00edvnu detekciu antig\u00e9nu COVID-19 vo vzorke z v\u00fdteru\/sliny<\/p>","protected":false},"featured_media":1255,"comment_status":"open","ping_status":"closed","template":"","meta":[],"product_brand":[],"product_cat":[20,26],"product_tag":[],"class_list":{"0":"post-1259","1":"product","2":"type-product","3":"status-publish","4":"has-post-thumbnail","6":"product_cat-all-products","7":"product_cat-covid-19-sars-cov-2-rapid-test","8":"entry","10":"first","11":"outofstock","12":"shipping-taxable","13":"product-type-variable"},"_links":{"self":[{"href":"https:\/\/www.testsealabs-kit.com\/sk\/wp-json\/wp\/v2\/product\/1259","targetHints":{"allow":["GET"]}}],"collection":[{"href":"https:\/\/www.testsealabs-kit.com\/sk\/wp-json\/wp\/v2\/product"}],"about":[{"href":"https:\/\/www.testsealabs-kit.com\/sk\/wp-json\/wp\/v2\/types\/product"}],"replies":[{"embeddable":true,"href":"https:\/\/www.testsealabs-kit.com\/sk\/wp-json\/wp\/v2\/comments?post=1259"}],"wp:featuredmedia":[{"embeddable":true,"href":"https:\/\/www.testsealabs-kit.com\/sk\/wp-json\/wp\/v2\/media\/1255"}],"wp:attachment":[{"href":"https:\/\/www.testsealabs-kit.com\/sk\/wp-json\/wp\/v2\/media?parent=1259"}],"wp:term":[{"taxonomy":"product_brand","embeddable":true,"href":"https:\/\/www.testsealabs-kit.com\/sk\/wp-json\/wp\/v2\/product_brand?post=1259"},{"taxonomy":"product_cat","embeddable":true,"href":"https:\/\/www.testsealabs-kit.com\/sk\/wp-json\/wp\/v2\/product_cat?post=1259"},{"taxonomy":"product_tag","embeddable":true,"href":"https:\/\/www.testsealabs-kit.com\/sk\/wp-json\/wp\/v2\/product_tag?post=1259"}],"curies":[{"name":"wp","href":"https:\/\/api.w.org\/{rel}","templated":true}]}}