{"id":749,"date":"2022-04-07T02:00:56","date_gmt":"2022-04-06T18:00:56","guid":{"rendered":"https:\/\/www.testsealabs-kit.com\/?post_type=product&#038;p=749"},"modified":"2026-04-29T19:57:30","modified_gmt":"2026-04-29T11:57:30","slug":"covid-19-antigen-test-cassette-self-test","status":"publish","type":"product","link":"https:\/\/www.testsealabs-kit.com\/sk\/produkt\/covid-19-antigen-test-cassette-self-test\/","title":{"rendered":"COVID-19 Antig\u00e9nov\u00fd test Kazetov\u00fd test - v\u00fdter z nosa"},"content":{"rendered":"<p>\u3010Predpokladan\u00e9 pou\u017eitie\u3011<\/p>\n<p>Testovacia kazeta s antig\u00e9nom COVID-19 je r\u00fdchly test na kvalitat\u00edvnu detekciu nukleokapsidov\u00e9ho antig\u00e9nu SARS-CoV-2 v predn\u00fdch nosov\u00fdch v\u00fdteroch. Pou\u017e\u00edva sa na pomoc pri diagnostike infekcie SARS- CoV-2, ktor\u00e1 m\u00f4\u017ee vies\u0165 k ochoreniu COVID-19. Test sa m\u00f4\u017ee vykona\u0165 kedyko\u013evek a je vhodn\u00fd pre symptomatick\u00e9 osoby. Malolet\u00fdm osob\u00e1m musia pri teste asistova\u0165 dospel\u00ed Tento test sa odpor\u00fa\u010da pou\u017e\u00edva\u0165 len ako doplnok k in\u00fdm diagnostick\u00fdm postupom. Testje ur\u010den\u00fd na samostatn\u00e9 vykonanie laick\u00fdmi pou\u017e\u00edvate\u013emi a m\u00f4\u017ee sa vykon\u00e1va\u0165 mimo laborat\u00f3ria.<\/p>\n<p>\u3010Certifik\u00e1t\u3011<\/p>\n<p>CE, ISO9001, ISO13485<\/p>","protected":false},"excerpt":{"rendered":"<p>COVID-19 Antig\u00e9nov\u00fd test Kazetov\u00fd test \u7b80\u77ed\u63cf\u8ff0<\/p>","protected":false},"featured_media":682,"comment_status":"open","ping_status":"closed","template":"","meta":[],"product_brand":[],"product_cat":[20,26],"product_tag":[],"class_list":{"0":"post-749","1":"product","2":"type-product","3":"status-publish","4":"has-post-thumbnail","6":"product_cat-all-products","7":"product_cat-covid-19-sars-cov-2-rapid-test","8":"entry","10":"first","11":"instock","12":"shipping-taxable","13":"purchasable","14":"product-type-variable","15":"has-default-attributes"},"_links":{"self":[{"href":"https:\/\/www.testsealabs-kit.com\/sk\/wp-json\/wp\/v2\/product\/749","targetHints":{"allow":["GET"]}}],"collection":[{"href":"https:\/\/www.testsealabs-kit.com\/sk\/wp-json\/wp\/v2\/product"}],"about":[{"href":"https:\/\/www.testsealabs-kit.com\/sk\/wp-json\/wp\/v2\/types\/product"}],"replies":[{"embeddable":true,"href":"https:\/\/www.testsealabs-kit.com\/sk\/wp-json\/wp\/v2\/comments?post=749"}],"wp:featuredmedia":[{"embeddable":true,"href":"https:\/\/www.testsealabs-kit.com\/sk\/wp-json\/wp\/v2\/media\/682"}],"wp:attachment":[{"href":"https:\/\/www.testsealabs-kit.com\/sk\/wp-json\/wp\/v2\/media?parent=749"}],"wp:term":[{"taxonomy":"product_brand","embeddable":true,"href":"https:\/\/www.testsealabs-kit.com\/sk\/wp-json\/wp\/v2\/product_brand?post=749"},{"taxonomy":"product_cat","embeddable":true,"href":"https:\/\/www.testsealabs-kit.com\/sk\/wp-json\/wp\/v2\/product_cat?post=749"},{"taxonomy":"product_tag","embeddable":true,"href":"https:\/\/www.testsealabs-kit.com\/sk\/wp-json\/wp\/v2\/product_tag?post=749"}],"curies":[{"name":"wp","href":"https:\/\/api.w.org\/{rel}","templated":true}]}}