{"id":932,"date":"2022-04-25T20:35:08","date_gmt":"2022-04-25T12:35:08","guid":{"rendered":"https:\/\/www.testsealabs-kit.com\/?post_type=product&#038;p=932"},"modified":"2022-04-29T22:50:01","modified_gmt":"2022-04-29T14:50:01","slug":"covid-19-antigen-test-cassette-professional-use-lollipop-style-saliva","status":"publish","type":"product","link":"https:\/\/www.testsealabs-kit.com\/sk\/produkt\/covid-19-antigen-test-cassette-professional-use-lollipop-style-saliva\/","title":{"rendered":"Testovacia kazeta s antig\u00e9nom COVID-19 - profesion\u00e1lne pou\u017eitie - \u0161t\u00fdl l\u00edzanky"},"content":{"rendered":"<p>\u3010Predpokladan\u00e9 pou\u017eitie\u3011<\/p>\n<p>Testovacia kazeta s antig\u00e9nom COVID-19 je r\u00fdchly test na kvalitat\u00edvnu detekciu nukleokapsidov\u00e9ho antig\u00e9nu SARS-CoV-2 vo vzorke sl\u00edn. Pou\u017e\u00edva sa na pomoc pri diagnostike infekcie SARS- CoV-2, ktor\u00e1 m\u00f4\u017ee vies\u0165 k ochoreniu COVID-19.<\/p>\n<p>Test sa m\u00f4\u017ee vykona\u0165 kedyko\u013evek a je vhodn\u00fd pre symptomatick\u00e9 aj asymptomatick\u00e9 osoby. Malolet\u00fdm osob\u00e1m musia pri teste asistova\u0165 dospel\u00ed.<\/p>\n<p>Tento test sa odpor\u00fa\u010da pou\u017e\u00edva\u0165 len ako doplnok k in\u00fdm diagnostick\u00fdm postupom. Test je ur\u010den\u00fd na profesion\u00e1lne pou\u017eitie.<\/p>\n<p>\u3010Certifik\u00e1t\u3011<\/p>\n<p>CE, ISO9001, ISO13485<\/p>","protected":false},"excerpt":{"rendered":"<p>COVID-19 Antig\u00e9nov\u00fd test Kazetov\u00fd test \u7b80\u77ed\u63cf\u8ff0<\/p>","protected":false},"featured_media":939,"comment_status":"open","ping_status":"closed","template":"","meta":[],"product_brand":[],"product_cat":[20,26],"product_tag":[],"class_list":{"0":"post-932","1":"product","2":"type-product","3":"status-publish","4":"has-post-thumbnail","6":"product_cat-all-products","7":"product_cat-covid-19-sars-cov-2-rapid-test","8":"entry","10":"first","11":"instock","12":"shipping-taxable","13":"purchasable","14":"product-type-variable","15":"has-default-attributes"},"_links":{"self":[{"href":"https:\/\/www.testsealabs-kit.com\/sk\/wp-json\/wp\/v2\/product\/932","targetHints":{"allow":["GET"]}}],"collection":[{"href":"https:\/\/www.testsealabs-kit.com\/sk\/wp-json\/wp\/v2\/product"}],"about":[{"href":"https:\/\/www.testsealabs-kit.com\/sk\/wp-json\/wp\/v2\/types\/product"}],"replies":[{"embeddable":true,"href":"https:\/\/www.testsealabs-kit.com\/sk\/wp-json\/wp\/v2\/comments?post=932"}],"wp:featuredmedia":[{"embeddable":true,"href":"https:\/\/www.testsealabs-kit.com\/sk\/wp-json\/wp\/v2\/media\/939"}],"wp:attachment":[{"href":"https:\/\/www.testsealabs-kit.com\/sk\/wp-json\/wp\/v2\/media?parent=932"}],"wp:term":[{"taxonomy":"product_brand","embeddable":true,"href":"https:\/\/www.testsealabs-kit.com\/sk\/wp-json\/wp\/v2\/product_brand?post=932"},{"taxonomy":"product_cat","embeddable":true,"href":"https:\/\/www.testsealabs-kit.com\/sk\/wp-json\/wp\/v2\/product_cat?post=932"},{"taxonomy":"product_tag","embeddable":true,"href":"https:\/\/www.testsealabs-kit.com\/sk\/wp-json\/wp\/v2\/product_tag?post=932"}],"curies":[{"name":"wp","href":"https:\/\/api.w.org\/{rel}","templated":true}]}}