{"id":945,"date":"2022-04-25T20:40:10","date_gmt":"2022-04-25T12:40:10","guid":{"rendered":"https:\/\/www.testsealabs-kit.com\/?post_type=product&#038;p=945"},"modified":"2022-05-10T23:01:59","modified_gmt":"2022-05-10T15:01:59","slug":"flu-a-b-covid-19-antigen-combo-test-cassette-professional-use","status":"publish","type":"product","link":"https:\/\/www.testsealabs-kit.com\/sk\/produkt\/flu-a-b-covid-19-antigen-combo-test-cassette-professional-use\/","title":{"rendered":"Kombinovan\u00e1 testovacia kazeta na chr\u00edpku A\/B + antig\u00e9n COVID-19 - profesion\u00e1lne pou\u017eitie"},"content":{"rendered":"<p>\u3010Predpokladan\u00e9 pou\u017eitie\u3011<\/p>\n<p>Test je ur\u010den\u00fd na simult\u00e1nnu r\u00fdchlu in vitro detekciu a diferenci\u00e1ciu<\/p>\n<p>v\u00edrusu chr\u00edpky A, v\u00edrusu chr\u00edpky B a nukleokapsidov\u00e9ho prote\u00ednov\u00e9ho antig\u00e9nu v\u00edrusu COVID-19 , ale nie<\/p>\n<p>nerozli\u0161uje medzi v\u00edrusmi SARS-CoV a COVID-19 a nie je ur\u010den\u00fd na detekciu<\/p>\n<p>antig\u00e9ny chr\u00edpky C. Charakteristiky \u00fa\u010dinnosti sa m\u00f4\u017eu l\u00ed\u0161i\u0165 proti in\u00fdm nov\u00fdm chr\u00edpkov\u00fdm ochoreniam.<\/p>\n<p>v\u00edrusy.<\/p>\n<p>V\u00edrusov\u00e9 antig\u00e9ny chr\u00edpky A, chr\u00edpky B a COVID-19 s\u00fa vo v\u0161eobecnosti detegovate\u013en\u00e9 vo vzork\u00e1ch horn\u00fdch d\u00fdchac\u00edch ciest po\u010das ak\u00fatnej f\u00e1zy infekcie. Pozit\u00edvne v\u00fdsledky nazna\u010duj\u00fa pr\u00edtomnos\u0165 v\u00edrusov\u00fdch antig\u00e9nov, ale na ur\u010denie stavu infekcie je potrebn\u00e1 klinick\u00e1 korel\u00e1cia s anamn\u00e9zou pacienta a \u010fal\u0161\u00edmi diagnostick\u00fdmi inform\u00e1ciami.<\/p>\n<p>Pozit\u00edvne v\u00fdsledky nevylu\u010duj\u00fa bakteri\u00e1lnu infekciu alebo koinfekciu s in\u00fdmi v\u00edrusmi. P\u00f4vodca<\/p>\n<p>nemus\u00ed by\u0165 definit\u00edvnou pr\u00ed\u010dinou ochorenia.<\/p>\n<p>Negat\u00edvne v\u00fdsledky COVID-19 od pacientov s n\u00e1stupom pr\u00edznakov po piatich d\u0148och by mali by\u0165<\/p>\n<p>pova\u017eovan\u00e9 za predpokladan\u00e9 a v pr\u00edpade potreby potvrden\u00e9 molekul\u00e1rnym testom pre pacienta<\/p>\n<p>sa m\u00f4\u017ee vykon\u00e1va\u0165. Negat\u00edvne v\u00fdsledky nevylu\u010duj\u00fa COVID-19 a nemali by sa<\/p>\n<p>pou\u017e\u00edva ako jedin\u00fd z\u00e1klad pre rozhodnutia o lie\u010dbe alebo mana\u017emente pacienta vr\u00e1tane infekcie<\/p>\n<p>kontroln\u00e9 rozhodnutia. Negat\u00edvne v\u00fdsledky by sa mali posudzova\u0165 v kontexte ned\u00e1vnej pacientovej<\/p>\n<p>expoz\u00edcie, anamn\u00e9za a pr\u00edtomnos\u0165 klinick\u00fdch pr\u00edznakov a sympt\u00f3mov zodpovedaj\u00facich COVID-19.<\/p>\n<p>Negat\u00edvne v\u00fdsledky nevylu\u010duj\u00fa infekciu v\u00edrusom chr\u00edpky a nemali by sa pou\u017e\u00edva\u0165 ako jedin\u00fd<\/p>\n<p>z\u00e1klad pre rozhodnutia o lie\u010dbe alebo inom mana\u017emente pacienta.<\/p>\n<p>\u3010Certifik\u00e1t\u3011<\/p>\n<p>CE, ISO9001, ISO13485<\/p>","protected":false},"excerpt":{"rendered":"<p>COVID-19 Antig\u00e9nov\u00fd test Kazetov\u00fd test \u7b80\u77ed\u63cf\u8ff0<\/p>","protected":false},"featured_media":948,"comment_status":"open","ping_status":"closed","template":"","meta":[],"product_brand":[],"product_cat":[20,26],"product_tag":[],"class_list":{"0":"post-945","1":"product","2":"type-product","3":"status-publish","4":"has-post-thumbnail","6":"product_cat-all-products","7":"product_cat-covid-19-sars-cov-2-rapid-test","8":"entry","10":"first","11":"instock","12":"shipping-taxable","13":"purchasable","14":"product-type-variable","15":"has-default-attributes"},"_links":{"self":[{"href":"https:\/\/www.testsealabs-kit.com\/sk\/wp-json\/wp\/v2\/product\/945","targetHints":{"allow":["GET"]}}],"collection":[{"href":"https:\/\/www.testsealabs-kit.com\/sk\/wp-json\/wp\/v2\/product"}],"about":[{"href":"https:\/\/www.testsealabs-kit.com\/sk\/wp-json\/wp\/v2\/types\/product"}],"replies":[{"embeddable":true,"href":"https:\/\/www.testsealabs-kit.com\/sk\/wp-json\/wp\/v2\/comments?post=945"}],"wp:featuredmedia":[{"embeddable":true,"href":"https:\/\/www.testsealabs-kit.com\/sk\/wp-json\/wp\/v2\/media\/948"}],"wp:attachment":[{"href":"https:\/\/www.testsealabs-kit.com\/sk\/wp-json\/wp\/v2\/media?parent=945"}],"wp:term":[{"taxonomy":"product_brand","embeddable":true,"href":"https:\/\/www.testsealabs-kit.com\/sk\/wp-json\/wp\/v2\/product_brand?post=945"},{"taxonomy":"product_cat","embeddable":true,"href":"https:\/\/www.testsealabs-kit.com\/sk\/wp-json\/wp\/v2\/product_cat?post=945"},{"taxonomy":"product_tag","embeddable":true,"href":"https:\/\/www.testsealabs-kit.com\/sk\/wp-json\/wp\/v2\/product_tag?post=945"}],"curies":[{"name":"wp","href":"https:\/\/api.w.org\/{rel}","templated":true}]}}