{"id":1217,"date":"2022-05-19T11:09:59","date_gmt":"2022-05-19T03:09:59","guid":{"rendered":"https:\/\/www.testsealabs-kit.com\/?post_type=product&#038;p=1217"},"modified":"2025-03-10T15:55:44","modified_gmt":"2025-03-10T07:55:44","slug":"canine-distemper-virus-antigen-testcdv-ag","status":"publish","type":"product","link":"https:\/\/www.testsealabs-kit.com\/sl\/izdelek\/canine-distemper-virus-antigen-testcdv-ag\/","title":{"rendered":"Test na antigen virusa pasje kuge (CDV Ag)"},"content":{"rendered":"<p><span style=\"font-size: 14pt;\">1.Get rezultat v 15 minutah<\/span><\/p>\n<p><span style=\"font-size: 14pt;\">2.Easy za zbiranje vzorcev<\/span><\/p>\n<p><span style=\"font-size: 14pt;\">3.Rezultati so jasno vidni<\/span><\/p>\n<p><span style=\"font-size: 14pt;\">4.No oprema potrebna<\/span><\/p>\n<p><span style=\"font-size: 14pt;\">5.Suitable za obse\u017eno hitro presejanje<\/span><\/p>","protected":false},"excerpt":{"rendered":"<p>Izdelek je imunokromatografski test s stranskim tokom za kakovostno odkrivanje antigena virusa pasje kuge (CDV Ag) v izlo\u010dkih sline, o\u010desnih in konjunktivnih izlo\u010dkih.<\/p>\n<p>&nbsp;<\/p>\n<p>Pasja kuga je akutna in zelo nalezljiva virusna nalezljiva bolezen po vsem svetu. Naravna pot oku\u017ebe z virusom CDV poteka predvsem prek zgornjih dihalnih poti. Po oku\u017ebi z virusom CDV napade celice \u010drevesnega epitela in kardiomiocite. Glavne klini\u010dne manifestacije so bolezni prebavil in miokarditis, pri ve\u010dini mladi\u010dev pa pride do miokarditisa. Pasja kuga je vrsta nalezljive bolezni z visoko incidenco, visoko smrtnostjo in pogostimi izbruhi. Oku\u017eeni so lahko psi razli\u010dnih starosti, spolov in pasem.<\/p>","protected":false},"featured_media":1216,"comment_status":"open","ping_status":"closed","template":"","meta":[],"product_brand":[],"product_cat":[20,47],"product_tag":[],"class_list":{"0":"post-1217","1":"product","2":"type-product","3":"status-publish","4":"has-post-thumbnail","6":"product_cat-all-products","7":"product_cat-animals-diagnostic-rapid-test","8":"entry","10":"first","11":"instock","12":"shipping-taxable","13":"product-type-simple"},"_links":{"self":[{"href":"https:\/\/www.testsealabs-kit.com\/sl\/wp-json\/wp\/v2\/product\/1217","targetHints":{"allow":["GET"]}}],"collection":[{"href":"https:\/\/www.testsealabs-kit.com\/sl\/wp-json\/wp\/v2\/product"}],"about":[{"href":"https:\/\/www.testsealabs-kit.com\/sl\/wp-json\/wp\/v2\/types\/product"}],"replies":[{"embeddable":true,"href":"https:\/\/www.testsealabs-kit.com\/sl\/wp-json\/wp\/v2\/comments?post=1217"}],"wp:featuredmedia":[{"embeddable":true,"href":"https:\/\/www.testsealabs-kit.com\/sl\/wp-json\/wp\/v2\/media\/1216"}],"wp:attachment":[{"href":"https:\/\/www.testsealabs-kit.com\/sl\/wp-json\/wp\/v2\/media?parent=1217"}],"wp:term":[{"taxonomy":"product_brand","embeddable":true,"href":"https:\/\/www.testsealabs-kit.com\/sl\/wp-json\/wp\/v2\/product_brand?post=1217"},{"taxonomy":"product_cat","embeddable":true,"href":"https:\/\/www.testsealabs-kit.com\/sl\/wp-json\/wp\/v2\/product_cat?post=1217"},{"taxonomy":"product_tag","embeddable":true,"href":"https:\/\/www.testsealabs-kit.com\/sl\/wp-json\/wp\/v2\/product_tag?post=1217"}],"curies":[{"name":"wp","href":"https:\/\/api.w.org\/{rel}","templated":true}]}}