{"id":1222,"date":"2022-05-19T11:29:08","date_gmt":"2022-05-19T03:29:08","guid":{"rendered":"https:\/\/www.testsealabs-kit.com\/?post_type=product&#038;p=1222"},"modified":"2022-05-19T11:29:08","modified_gmt":"2022-05-19T03:29:08","slug":"pregnancy-relaxin-testrln","status":"publish","type":"product","link":"https:\/\/www.testsealabs-kit.com\/sl\/izdelek\/pregnancy-relaxin-testrln\/","title":{"rendered":"Nose\u010dni\u0161ki test relaksina (RLN)"},"content":{"rendered":"<p><span style=\"font-size: 14pt;\">1.Get rezultat v 15 minutah<\/span><br \/>\n<span style=\"font-size: 14pt;\">2.Easy za zbiranje vzorcev<\/span><br \/>\n<span style=\"font-size: 14pt;\">3.Rezultati so jasno vidni<\/span><br \/>\n<span style=\"font-size: 14pt;\">4.No oprema potrebna<\/span><br \/>\n<span style=\"font-size: 14pt;\">5.Suitable za obse\u017eno hitro presejanje<\/span><\/p>","protected":false},"excerpt":{"rendered":"<p>Izdelek je specifi\u010den hormon, ki ga proizvaja predvsem placenta. Obi\u010dajno se uporablja kot indikator stanja brejosti pri samicah. Pri brejih psicah lahko relaksin zaznamo od 15 dni po nidaciji oplojenega jaj\u010deca v steni maternice. Pregnancy Relaxin RLN Test je hiter test za odkrivanje relaksina pri psici, ki je morda breja. Predlagano obdobje odkrivanja je 22-30 dni po parjenju. Prezgodnje odkrivanje lahko privede do negativnega rezultata, \u010de je vsebnost relaksina v serumu prenizka. \u010ce je bil rezultat negativen, je priporo\u010dljivo test ponoviti po enem tednu.<\/p>\n<p>Pasji test za nose\u010dnost z relaksinom je hiter kromatografski imunski test za kakovostno odkrivanje realksina v serumu.<\/p>","protected":false},"featured_media":1216,"comment_status":"open","ping_status":"closed","template":"","meta":[],"product_brand":[],"product_cat":[20,47],"product_tag":[],"class_list":{"0":"post-1222","1":"product","2":"type-product","3":"status-publish","4":"has-post-thumbnail","6":"product_cat-all-products","7":"product_cat-animals-diagnostic-rapid-test","8":"entry","10":"first","11":"instock","12":"shipping-taxable","13":"product-type-simple"},"_links":{"self":[{"href":"https:\/\/www.testsealabs-kit.com\/sl\/wp-json\/wp\/v2\/product\/1222","targetHints":{"allow":["GET"]}}],"collection":[{"href":"https:\/\/www.testsealabs-kit.com\/sl\/wp-json\/wp\/v2\/product"}],"about":[{"href":"https:\/\/www.testsealabs-kit.com\/sl\/wp-json\/wp\/v2\/types\/product"}],"replies":[{"embeddable":true,"href":"https:\/\/www.testsealabs-kit.com\/sl\/wp-json\/wp\/v2\/comments?post=1222"}],"wp:featuredmedia":[{"embeddable":true,"href":"https:\/\/www.testsealabs-kit.com\/sl\/wp-json\/wp\/v2\/media\/1216"}],"wp:attachment":[{"href":"https:\/\/www.testsealabs-kit.com\/sl\/wp-json\/wp\/v2\/media?parent=1222"}],"wp:term":[{"taxonomy":"product_brand","embeddable":true,"href":"https:\/\/www.testsealabs-kit.com\/sl\/wp-json\/wp\/v2\/product_brand?post=1222"},{"taxonomy":"product_cat","embeddable":true,"href":"https:\/\/www.testsealabs-kit.com\/sl\/wp-json\/wp\/v2\/product_cat?post=1222"},{"taxonomy":"product_tag","embeddable":true,"href":"https:\/\/www.testsealabs-kit.com\/sl\/wp-json\/wp\/v2\/product_tag?post=1222"}],"curies":[{"name":"wp","href":"https:\/\/api.w.org\/{rel}","templated":true}]}}