{"id":1227,"date":"2022-05-19T11:36:20","date_gmt":"2022-05-19T03:36:20","guid":{"rendered":"https:\/\/www.testsealabs-kit.com\/?post_type=product&#038;p=1227"},"modified":"2022-05-19T11:36:20","modified_gmt":"2022-05-19T03:36:20","slug":"feline-heartworm-antigen-testfhw-ag","status":"publish","type":"product","link":"https:\/\/www.testsealabs-kit.com\/sl\/izdelek\/feline-heartworm-antigen-testfhw-ag\/","title":{"rendered":"Test antigena ma\u010djega sr\u010dnega \u010drva (FHW Ag)"},"content":{"rendered":"<p><span style=\"font-size: 14pt;\">1.Get rezultat v 15 minutah<\/span><br \/>\n<span style=\"font-size: 14pt;\">2.Easy za zbiranje vzorcev<\/span><br \/>\n<span style=\"font-size: 14pt;\">3.Rezultati so jasno vidni<\/span><br \/>\n<span style=\"font-size: 14pt;\">4.No oprema potrebna<\/span><br \/>\n<span style=\"font-size: 14pt;\">5.Suitable za obse\u017eno hitro presejanje<\/span><\/p>","protected":false},"excerpt":{"rendered":"<p>Izdelek je sendvi\u010d imunokromatografski test s stranskim tokom za kvalitativno odkrivanje antigena ma\u010djega sr\u010dnega \u010drva (FHW Ag) v polni krvi\/serumu ma\u010dk.<\/p>\n<p>&nbsp;<\/p>\n<p>FHW je nalezljiva bolezen, s katero se lahko oku\u017eijo ma\u010dke vseh starosti z ugrizom komarja. Ker FHW \u017eivi v ma\u010djem srcu, lahko povzro\u010di kroni\u010dni endokarditis, hipertrofijo srca in dilatacijo desnega prekata. \u010ce je oku\u017eba huda, lahko venska zapora povzro\u010di ascites in hepatomegalijo.<\/p>","protected":false},"featured_media":1216,"comment_status":"open","ping_status":"closed","template":"","meta":[],"product_brand":[],"product_cat":[20,47],"product_tag":[],"class_list":{"0":"post-1227","1":"product","2":"type-product","3":"status-publish","4":"has-post-thumbnail","6":"product_cat-all-products","7":"product_cat-animals-diagnostic-rapid-test","8":"entry","10":"first","11":"instock","12":"shipping-taxable","13":"product-type-simple"},"_links":{"self":[{"href":"https:\/\/www.testsealabs-kit.com\/sl\/wp-json\/wp\/v2\/product\/1227","targetHints":{"allow":["GET"]}}],"collection":[{"href":"https:\/\/www.testsealabs-kit.com\/sl\/wp-json\/wp\/v2\/product"}],"about":[{"href":"https:\/\/www.testsealabs-kit.com\/sl\/wp-json\/wp\/v2\/types\/product"}],"replies":[{"embeddable":true,"href":"https:\/\/www.testsealabs-kit.com\/sl\/wp-json\/wp\/v2\/comments?post=1227"}],"wp:featuredmedia":[{"embeddable":true,"href":"https:\/\/www.testsealabs-kit.com\/sl\/wp-json\/wp\/v2\/media\/1216"}],"wp:attachment":[{"href":"https:\/\/www.testsealabs-kit.com\/sl\/wp-json\/wp\/v2\/media?parent=1227"}],"wp:term":[{"taxonomy":"product_brand","embeddable":true,"href":"https:\/\/www.testsealabs-kit.com\/sl\/wp-json\/wp\/v2\/product_brand?post=1227"},{"taxonomy":"product_cat","embeddable":true,"href":"https:\/\/www.testsealabs-kit.com\/sl\/wp-json\/wp\/v2\/product_cat?post=1227"},{"taxonomy":"product_tag","embeddable":true,"href":"https:\/\/www.testsealabs-kit.com\/sl\/wp-json\/wp\/v2\/product_tag?post=1227"}],"curies":[{"name":"wp","href":"https:\/\/api.w.org\/{rel}","templated":true}]}}