{"id":1231,"date":"2022-05-19T11:43:56","date_gmt":"2022-05-19T03:43:56","guid":{"rendered":"https:\/\/www.testsealabs-kit.com\/?post_type=product&#038;p=1231"},"modified":"2022-05-19T11:43:56","modified_gmt":"2022-05-19T03:43:56","slug":"canine-toxoplasma-antibody-testc-toxo-ab","status":"publish","type":"product","link":"https:\/\/www.testsealabs-kit.com\/sl\/izdelek\/canine-toxoplasma-antibody-testc-toxo-ab\/","title":{"rendered":"Test protiteles proti toksoplazmi pri psih (C.TOXO Ab)"},"content":{"rendered":"<p><span style=\"font-size: 14pt;\">1.Get rezultat v 15 minutah<\/span><br \/>\n<span style=\"font-size: 14pt;\">2.Easy za zbiranje vzorcev<\/span><br \/>\n<span style=\"font-size: 14pt;\">3.Rezultati so jasno vidni<\/span><br \/>\n<span style=\"font-size: 14pt;\">4.No oprema potrebna<\/span><br \/>\n<span style=\"font-size: 14pt;\">5.Suitable za obse\u017eno hitro presejanje<\/span><\/p>","protected":false},"excerpt":{"rendered":"<p>Izdelek je kvalitativni imunokromatografski test na osnovi koloidnega zlata za odkrivanje protiteles proti toksoplazmi.<\/p>\n<p>&nbsp;<\/p>\n<p>Toksoplazmoza je vrsta zoonoze, ki jo povzro\u010da Toxoplasma gondii, ki je raz\u0161irjena po vsem svetu in resno ogro\u017ea zdravje ljudi. Toxoplasma gondii lahko oku\u017ei vse vrste \u017eivine in divjih \u017eivali, vendar so zanjo najbolj dovzetne mlade \u017eivali. Glavna pot oku\u017ebe je oralna. Ko zdrav pes pogoltne sporatedocist Toxoplasma gondii, se ta izlo\u010di iz \u010drevesnega trakta in s krvnim obtokom vstopi v tkivo organizma, nato vdre v celice in se v njih hitro razmno\u017euje ter spremeni v znotrajceli\u010dno psevdocisto in povzro\u010di klini\u010dne simptome.<\/p>","protected":false},"featured_media":1216,"comment_status":"open","ping_status":"closed","template":"","meta":[],"product_brand":[],"product_cat":[20,47],"product_tag":[],"class_list":{"0":"post-1231","1":"product","2":"type-product","3":"status-publish","4":"has-post-thumbnail","6":"product_cat-all-products","7":"product_cat-animals-diagnostic-rapid-test","8":"entry","10":"first","11":"instock","12":"shipping-taxable","13":"product-type-simple"},"_links":{"self":[{"href":"https:\/\/www.testsealabs-kit.com\/sl\/wp-json\/wp\/v2\/product\/1231","targetHints":{"allow":["GET"]}}],"collection":[{"href":"https:\/\/www.testsealabs-kit.com\/sl\/wp-json\/wp\/v2\/product"}],"about":[{"href":"https:\/\/www.testsealabs-kit.com\/sl\/wp-json\/wp\/v2\/types\/product"}],"replies":[{"embeddable":true,"href":"https:\/\/www.testsealabs-kit.com\/sl\/wp-json\/wp\/v2\/comments?post=1231"}],"wp:featuredmedia":[{"embeddable":true,"href":"https:\/\/www.testsealabs-kit.com\/sl\/wp-json\/wp\/v2\/media\/1216"}],"wp:attachment":[{"href":"https:\/\/www.testsealabs-kit.com\/sl\/wp-json\/wp\/v2\/media?parent=1231"}],"wp:term":[{"taxonomy":"product_brand","embeddable":true,"href":"https:\/\/www.testsealabs-kit.com\/sl\/wp-json\/wp\/v2\/product_brand?post=1231"},{"taxonomy":"product_cat","embeddable":true,"href":"https:\/\/www.testsealabs-kit.com\/sl\/wp-json\/wp\/v2\/product_cat?post=1231"},{"taxonomy":"product_tag","embeddable":true,"href":"https:\/\/www.testsealabs-kit.com\/sl\/wp-json\/wp\/v2\/product_tag?post=1231"}],"curies":[{"name":"wp","href":"https:\/\/api.w.org\/{rel}","templated":true}]}}