{"id":1235,"date":"2022-05-19T12:00:01","date_gmt":"2022-05-19T04:00:01","guid":{"rendered":"https:\/\/www.testsealabs-kit.com\/?post_type=product&#038;p=1235"},"modified":"2026-02-06T12:36:57","modified_gmt":"2026-02-06T04:36:57","slug":"rabies-antibody-testrabies-ab","status":"publish","type":"product","link":"https:\/\/www.testsealabs-kit.com\/sl\/izdelek\/rabies-antibody-testrabies-ab\/","title":{"rendered":"Test na protitelesa proti steklini (Rabies Ab)"},"content":{"rendered":"<p><span style=\"font-size: 14pt;\">1.Get rezultat v 15 minutah<\/span><br \/>\n<span style=\"font-size: 14pt;\">2.Easy za zbiranje vzorcev<\/span><br \/>\n<span style=\"font-size: 14pt;\">3.Rezultati so jasno vidni<\/span><br \/>\n<span style=\"font-size: 14pt;\">4.No oprema potrebna<\/span><br \/>\n<span style=\"font-size: 14pt;\">5.Suitable za obse\u017eno hitro presejanje<\/span><\/p>","protected":false},"excerpt":{"rendered":"<p>Test protiteles proti steklini je imunokromatografski test s stranskim tokom za kvalitativno odkrivanje protiteles proti virusu stekline (Rabies Ab) nad vrednostjo 0,5IU\/ml v polni krvi\/srumu psa.<\/p>\n<p>&nbsp;<\/p>\n<p>Izdelek je pomembna bolezen za \u017eivali in ljudi. Pes ali ma\u010dka sta lahko prena\u0161alca brez kakr\u0161nih koli klini\u010dnih simptomov. Cepljenje bi lahko o\u010ditno zmanj\u0161alo razmerje med prena\u0161alci in oku\u017ebo z virusom stekline. Vendar tudi po cepljenju \u0161e vedno obstaja pribli\u017eno 15% vseh primerov, ki ne morejo ustvariti za\u0161\u010ditnih protiteles. Predlagamo, da se protitelesa proti steklini pri psih dolo\u010dijo po 45-dnevnem cepljenju.<\/p>","protected":false},"featured_media":1216,"comment_status":"open","ping_status":"closed","template":"","meta":[],"product_brand":[],"product_cat":[20,47],"product_tag":[],"class_list":{"0":"post-1235","1":"product","2":"type-product","3":"status-publish","4":"has-post-thumbnail","6":"product_cat-all-products","7":"product_cat-animals-diagnostic-rapid-test","8":"entry","10":"first","11":"instock","12":"shipping-taxable","13":"product-type-simple"},"_links":{"self":[{"href":"https:\/\/www.testsealabs-kit.com\/sl\/wp-json\/wp\/v2\/product\/1235","targetHints":{"allow":["GET"]}}],"collection":[{"href":"https:\/\/www.testsealabs-kit.com\/sl\/wp-json\/wp\/v2\/product"}],"about":[{"href":"https:\/\/www.testsealabs-kit.com\/sl\/wp-json\/wp\/v2\/types\/product"}],"replies":[{"embeddable":true,"href":"https:\/\/www.testsealabs-kit.com\/sl\/wp-json\/wp\/v2\/comments?post=1235"}],"wp:featuredmedia":[{"embeddable":true,"href":"https:\/\/www.testsealabs-kit.com\/sl\/wp-json\/wp\/v2\/media\/1216"}],"wp:attachment":[{"href":"https:\/\/www.testsealabs-kit.com\/sl\/wp-json\/wp\/v2\/media?parent=1235"}],"wp:term":[{"taxonomy":"product_brand","embeddable":true,"href":"https:\/\/www.testsealabs-kit.com\/sl\/wp-json\/wp\/v2\/product_brand?post=1235"},{"taxonomy":"product_cat","embeddable":true,"href":"https:\/\/www.testsealabs-kit.com\/sl\/wp-json\/wp\/v2\/product_cat?post=1235"},{"taxonomy":"product_tag","embeddable":true,"href":"https:\/\/www.testsealabs-kit.com\/sl\/wp-json\/wp\/v2\/product_tag?post=1235"}],"curies":[{"name":"wp","href":"https:\/\/api.w.org\/{rel}","templated":true}]}}