{"id":749,"date":"2022-04-07T02:00:56","date_gmt":"2022-04-06T18:00:56","guid":{"rendered":"https:\/\/www.testsealabs-kit.com\/?post_type=product&#038;p=749"},"modified":"2026-04-29T19:57:30","modified_gmt":"2026-04-29T11:57:30","slug":"covid-19-antigen-test-cassette-self-test","status":"publish","type":"product","link":"https:\/\/www.testsealabs-kit.com\/sl\/izdelek\/covid-19-antigen-test-cassette-self-test\/","title":{"rendered":"COVID-19 Antigenski test Kaseta - test za samopregledovanje - bris nosne sluznice"},"content":{"rendered":"<p>\u3010Predvidena uporaba\u3011<\/p>\n<p>Testna kaseta z antigenom COVID-19 je hitri test za kakovostno odkrivanje nukleokapsidnega antigena SARS-CoV-2 v anteriornih brisih nosu. Uporablja se za pomo\u010d pri diagnosticiranju oku\u017ebe s SARS- CoV-2, ki lahko privede do bolezni COVID-19. Test se lahko opravi kadar koli in je primeren za simptomatske osebe. Mladoletnim osebam morajo pri testu pomagati odrasli Ta test je priporo\u010dljivo uporabljati le kot dodatek k drugim diagnosti\u010dnim postopkom. Testje zasnovan tako, da ga lai\u010dni uporabniki lahko opravijo sami in se lahko izvaja zunaj laboratorija.<\/p>\n<p>\u3010Certifikat\u3011<\/p>\n<p>CE, ISO9001, ISO13485<\/p>","protected":false},"excerpt":{"rendered":"<p>COVID-19 Antigenski test Kasetni test \u7b80\u77ed\u63cf\u8ff0<\/p>","protected":false},"featured_media":682,"comment_status":"open","ping_status":"closed","template":"","meta":[],"product_brand":[],"product_cat":[20,26],"product_tag":[],"class_list":{"0":"post-749","1":"product","2":"type-product","3":"status-publish","4":"has-post-thumbnail","6":"product_cat-all-products","7":"product_cat-covid-19-sars-cov-2-rapid-test","8":"entry","10":"first","11":"instock","12":"shipping-taxable","13":"purchasable","14":"product-type-variable","15":"has-default-attributes"},"_links":{"self":[{"href":"https:\/\/www.testsealabs-kit.com\/sl\/wp-json\/wp\/v2\/product\/749","targetHints":{"allow":["GET"]}}],"collection":[{"href":"https:\/\/www.testsealabs-kit.com\/sl\/wp-json\/wp\/v2\/product"}],"about":[{"href":"https:\/\/www.testsealabs-kit.com\/sl\/wp-json\/wp\/v2\/types\/product"}],"replies":[{"embeddable":true,"href":"https:\/\/www.testsealabs-kit.com\/sl\/wp-json\/wp\/v2\/comments?post=749"}],"wp:featuredmedia":[{"embeddable":true,"href":"https:\/\/www.testsealabs-kit.com\/sl\/wp-json\/wp\/v2\/media\/682"}],"wp:attachment":[{"href":"https:\/\/www.testsealabs-kit.com\/sl\/wp-json\/wp\/v2\/media?parent=749"}],"wp:term":[{"taxonomy":"product_brand","embeddable":true,"href":"https:\/\/www.testsealabs-kit.com\/sl\/wp-json\/wp\/v2\/product_brand?post=749"},{"taxonomy":"product_cat","embeddable":true,"href":"https:\/\/www.testsealabs-kit.com\/sl\/wp-json\/wp\/v2\/product_cat?post=749"},{"taxonomy":"product_tag","embeddable":true,"href":"https:\/\/www.testsealabs-kit.com\/sl\/wp-json\/wp\/v2\/product_tag?post=749"}],"curies":[{"name":"wp","href":"https:\/\/api.w.org\/{rel}","templated":true}]}}