{"id":945,"date":"2022-04-25T20:40:10","date_gmt":"2022-04-25T12:40:10","guid":{"rendered":"https:\/\/www.testsealabs-kit.com\/?post_type=product&#038;p=945"},"modified":"2022-05-10T23:01:59","modified_gmt":"2022-05-10T15:01:59","slug":"flu-a-b-covid-19-antigen-combo-test-cassette-professional-use","status":"publish","type":"product","link":"https:\/\/www.testsealabs-kit.com\/sl\/izdelek\/flu-a-b-covid-19-antigen-combo-test-cassette-professional-use\/","title":{"rendered":"Testna kaseta za testiranje gripe A\/B + COVID-19 Combo - profesionalna uporaba"},"content":{"rendered":"<p>\u3010Predvidena uporaba\u3011<\/p>\n<p>Test je namenjen uporabi za hkratno hitro in vitro odkrivanje in razlikovanje<\/p>\n<p>virusa influence A, virusa influence B in beljakovinskega antigena nukleokapside virusa COVID-19 , vendar ne<\/p>\n<p>ne razlikuje med virusi SARS-CoV in COVID-19 ter ni namenjen odkrivanju<\/p>\n<p>antigeni gripe C. Zna\u010dilnosti delovanja se lahko razlikujejo glede na druge pojavljajo\u010de se gripe.<\/p>\n<p>virusi.<\/p>\n<p>Virusni antigeni gripe A, gripe B in COVID-19 so v akutni fazi oku\u017ebe obi\u010dajno zaznavni v vzorcih zgornjih dihal. Pozitivni rezultati ka\u017eejo na prisotnost virusnih antigenov, vendar je za dolo\u010ditev statusa oku\u017ebe potrebna klini\u010dna korelacija z anamnezo bolnika in drugimi diagnosti\u010dnimi podatki.<\/p>\n<p>Pozitivni rezultati ne izklju\u010dujejo bakterijske oku\u017ebe ali so\u010dasne oku\u017ebe z drugimi virusi. Povzro\u010ditelj<\/p>\n<p>odkrita bolezen ne sme biti dokon\u010den vzrok bolezni.<\/p>\n<p>Negativni rezultati COVID-19 pri bolnikih, pri katerih se simptomi pojavijo po petih dneh, morajo biti<\/p>\n<p>se obravnava kot domnevna in po potrebi potrdi z molekularnim testom za bolnika<\/p>\n<p>upravljanje, se lahko izvede. Negativni rezultati ne izklju\u010dujejo COVID-19 in se ne smejo<\/p>\n<p>se uporabljajo kot edina podlaga za odlo\u010ditve o zdravljenju ali vodenju bolnika, vklju\u010dno z oku\u017ebami<\/p>\n<p>odlo\u010ditve o nadzoru. Negativne rezultate je treba obravnavati v kontekstu bolnikovih nedavnih<\/p>\n<p>izpostavljenosti, anamnezi ter prisotnosti klini\u010dnih znakov in simptomov, ki so skladni s COVID-19.<\/p>\n<p>Negativni rezultati ne izklju\u010dujejo oku\u017ebe z virusom gripe in se ne smejo uporabljati kot edini<\/p>\n<p>podlago za zdravljenje ali druge odlo\u010ditve o ravnanju z bolnikom.<\/p>\n<p>\u3010Certifikat\u3011<\/p>\n<p>CE, ISO9001, ISO13485<\/p>","protected":false},"excerpt":{"rendered":"<p>COVID-19 Antigenski test Kasetni test \u7b80\u77ed\u63cf\u8ff0<\/p>","protected":false},"featured_media":948,"comment_status":"open","ping_status":"closed","template":"","meta":[],"product_brand":[],"product_cat":[20,26],"product_tag":[],"class_list":{"0":"post-945","1":"product","2":"type-product","3":"status-publish","4":"has-post-thumbnail","6":"product_cat-all-products","7":"product_cat-covid-19-sars-cov-2-rapid-test","8":"entry","10":"first","11":"instock","12":"shipping-taxable","13":"purchasable","14":"product-type-variable","15":"has-default-attributes"},"_links":{"self":[{"href":"https:\/\/www.testsealabs-kit.com\/sl\/wp-json\/wp\/v2\/product\/945","targetHints":{"allow":["GET"]}}],"collection":[{"href":"https:\/\/www.testsealabs-kit.com\/sl\/wp-json\/wp\/v2\/product"}],"about":[{"href":"https:\/\/www.testsealabs-kit.com\/sl\/wp-json\/wp\/v2\/types\/product"}],"replies":[{"embeddable":true,"href":"https:\/\/www.testsealabs-kit.com\/sl\/wp-json\/wp\/v2\/comments?post=945"}],"wp:featuredmedia":[{"embeddable":true,"href":"https:\/\/www.testsealabs-kit.com\/sl\/wp-json\/wp\/v2\/media\/948"}],"wp:attachment":[{"href":"https:\/\/www.testsealabs-kit.com\/sl\/wp-json\/wp\/v2\/media?parent=945"}],"wp:term":[{"taxonomy":"product_brand","embeddable":true,"href":"https:\/\/www.testsealabs-kit.com\/sl\/wp-json\/wp\/v2\/product_brand?post=945"},{"taxonomy":"product_cat","embeddable":true,"href":"https:\/\/www.testsealabs-kit.com\/sl\/wp-json\/wp\/v2\/product_cat?post=945"},{"taxonomy":"product_tag","embeddable":true,"href":"https:\/\/www.testsealabs-kit.com\/sl\/wp-json\/wp\/v2\/product_tag?post=945"}],"curies":[{"name":"wp","href":"https:\/\/api.w.org\/{rel}","templated":true}]}}