{"id":991,"date":"2022-04-25T21:15:23","date_gmt":"2022-04-25T13:15:23","guid":{"rendered":"https:\/\/www.testsealabs-kit.com\/?post_type=product&#038;p=991"},"modified":"2022-05-19T11:06:22","modified_gmt":"2022-05-19T03:06:22","slug":"canine-parvo-virus-antigen-test-cassettecpv-ag","status":"publish","type":"product","link":"https:\/\/www.testsealabs-kit.com\/sl\/izdelek\/canine-parvo-virus-antigen-test-cassettecpv-ag\/","title":{"rendered":"Testna kaseta z antigenom virusa pasje parvo (CPV AG)"},"content":{"rendered":"<p><span style=\"font-size: 14pt;\">1.Get rezultat v 15 minutah<\/span><\/p>\n<p><span style=\"font-size: 14pt;\">2.Easy za zbiranje vzorcev<\/span><\/p>\n<p><span style=\"font-size: 14pt;\">3.Rezultati so jasno vidni<\/span><\/p>\n<p><span style=\"font-size: 14pt;\">4.No oprema potrebna<\/span><\/p>\n<p><span style=\"font-size: 14pt;\">5.Suitable za obse\u017eno hitro presejanje<\/span><\/p>","protected":false},"excerpt":{"rendered":"<p>Izdelek je imunokromatografski test s stranskim tokom za kakovostno odkrivanje antigenov pasjega parvovirusa (CPV Ag) v pasjem blatu.<\/p>\n<p>&nbsp;<\/p>\n<p>Po oku\u017ebi s CPV napade CPV celice \u010drevesnega epitela in sr\u010dne mi\u0161ice pri ku\u017ekih, klini\u010dni znaki pa so bolezni prebavil in miokarditis, pri mladi\u010dih ve\u010dinoma miokarditis. Po oku\u017ebi je stopnja obolevnosti in umrljivosti psov visoka. CPV pogosto predstavlja epidemi\u010dni izbruh, oku\u017eijo pa se lahko psi razli\u010dnih starosti, spolov in pasem.<\/p>","protected":false},"featured_media":1216,"comment_status":"open","ping_status":"closed","template":"","meta":[],"product_brand":[],"product_cat":[20,47],"product_tag":[],"class_list":{"0":"post-991","1":"product","2":"type-product","3":"status-publish","4":"has-post-thumbnail","6":"product_cat-all-products","7":"product_cat-animals-diagnostic-rapid-test","8":"entry","10":"first","11":"instock","12":"shipping-taxable","13":"purchasable","14":"product-type-variable","15":"has-default-attributes"},"_links":{"self":[{"href":"https:\/\/www.testsealabs-kit.com\/sl\/wp-json\/wp\/v2\/product\/991","targetHints":{"allow":["GET"]}}],"collection":[{"href":"https:\/\/www.testsealabs-kit.com\/sl\/wp-json\/wp\/v2\/product"}],"about":[{"href":"https:\/\/www.testsealabs-kit.com\/sl\/wp-json\/wp\/v2\/types\/product"}],"replies":[{"embeddable":true,"href":"https:\/\/www.testsealabs-kit.com\/sl\/wp-json\/wp\/v2\/comments?post=991"}],"wp:featuredmedia":[{"embeddable":true,"href":"https:\/\/www.testsealabs-kit.com\/sl\/wp-json\/wp\/v2\/media\/1216"}],"wp:attachment":[{"href":"https:\/\/www.testsealabs-kit.com\/sl\/wp-json\/wp\/v2\/media?parent=991"}],"wp:term":[{"taxonomy":"product_brand","embeddable":true,"href":"https:\/\/www.testsealabs-kit.com\/sl\/wp-json\/wp\/v2\/product_brand?post=991"},{"taxonomy":"product_cat","embeddable":true,"href":"https:\/\/www.testsealabs-kit.com\/sl\/wp-json\/wp\/v2\/product_cat?post=991"},{"taxonomy":"product_tag","embeddable":true,"href":"https:\/\/www.testsealabs-kit.com\/sl\/wp-json\/wp\/v2\/product_tag?post=991"}],"curies":[{"name":"wp","href":"https:\/\/api.w.org\/{rel}","templated":true}]}}