{"id":32,"date":"2022-04-01T00:53:09","date_gmt":"2022-03-31T16:53:09","guid":{"rendered":"https:\/\/www.testsealabs-kit.com\/?page_id=32"},"modified":"2022-04-13T18:51:26","modified_gmt":"2022-04-13T10:51:26","slug":"news","status":"publish","type":"page","link":"https:\/\/www.testsealabs-kit.com\/sv\/news\/","title":{"rendered":"Nyheter"},"content":{"rendered":"<div data-elementor-type=\"wp-page\" data-elementor-id=\"32\" class=\"elementor elementor-32\">\n\t\t\t\t\t\t<section class=\"elementor-section elementor-top-section elementor-element elementor-element-0d8dd62 elementor-section-boxed elementor-section-height-default elementor-section-height-default\" data-id=\"0d8dd62\" data-element_type=\"section\" data-settings=\"{&quot;background_background&quot;:&quot;classic&quot;}\">\n\t\t\t\t\t\t<div class=\"elementor-container elementor-column-gap-default\">\n\t\t\t\t\t<div class=\"elementor-column elementor-col-100 elementor-top-column elementor-element elementor-element-d6d968f\" data-id=\"d6d968f\" data-element_type=\"column\">\n\t\t\t<div class=\"elementor-widget-wrap elementor-element-populated\">\n\t\t\t\t\t\t<div class=\"elementor-element elementor-element-2856afe elementor-widget elementor-widget-woocommerce-breadcrumb\" data-id=\"2856afe\" data-element_type=\"widget\" data-widget_type=\"woocommerce-breadcrumb.default\">\n\t\t\t\t<div class=\"elementor-widget-container\">\n\t\t\t\t\t<nav class=\"woocommerce-breadcrumb\" aria-label=\"Breadcrumb\" data-no-translation=\"\" data-trp-gettext=\"\">Hem<\/nav>\t\t\t\t<\/div>\n\t\t\t\t<\/div>\n\t\t\t\t\t<\/div>\n\t\t<\/div>\n\t\t\t\t\t<\/div>\n\t\t<\/section>\n\t\t\t\t<section class=\"elementor-section elementor-top-section elementor-element elementor-element-560385d elementor-section-boxed elementor-section-height-default elementor-section-height-default\" data-id=\"560385d\" data-element_type=\"section\">\n\t\t\t\t\t\t<div class=\"elementor-container elementor-column-gap-default\">\n\t\t\t\t\t<div class=\"elementor-column elementor-col-20 elementor-top-column elementor-element elementor-element-eef23e5\" data-id=\"eef23e5\" data-element_type=\"column\">\n\t\t\t<div class=\"elementor-widget-wrap\">\n\t\t\t\t\t\t\t<\/div>\n\t\t<\/div>\n\t\t\t\t<div class=\"elementor-column elementor-col-20 elementor-top-column elementor-element elementor-element-2ad3bd2\" data-id=\"2ad3bd2\" data-element_type=\"column\">\n\t\t\t<div class=\"elementor-widget-wrap elementor-element-populated\">\n\t\t\t\t\t\t<div class=\"elementor-element elementor-element-0accfd9 elementor-align-center elementor-widget elementor-widget-button\" data-id=\"0accfd9\" data-element_type=\"widget\" data-widget_type=\"button.default\">\n\t\t\t\t<div class=\"elementor-widget-container\">\n\t\t\t\t\t\t\t\t\t<div class=\"elementor-button-wrapper\">\n\t\t\t\t\t<a class=\"elementor-button elementor-button-link elementor-size-sm\" href=\"https:\/\/www.testsealabs-kit.com\/sv\/category\/company-news\/\">\n\t\t\t\t\t\t<span class=\"elementor-button-content-wrapper\">\n\t\t\t\t\t\t\t\t\t<span class=\"elementor-button-text\">F\u00f6retagets nyheter<\/span>\n\t\t\t\t\t<\/span>\n\t\t\t\t\t<\/a>\n\t\t\t\t<\/div>\n\t\t\t\t\t\t\t\t<\/div>\n\t\t\t\t<\/div>\n\t\t\t\t\t<\/div>\n\t\t<\/div>\n\t\t\t\t<div class=\"elementor-column elementor-col-20 elementor-top-column elementor-element elementor-element-398fa43\" data-id=\"398fa43\" data-element_type=\"column\">\n\t\t\t<div class=\"elementor-widget-wrap elementor-element-populated\">\n\t\t\t\t\t\t<div class=\"elementor-element elementor-element-6bab9cb elementor-align-center elementor-widget elementor-widget-button\" data-id=\"6bab9cb\" data-element_type=\"widget\" data-widget_type=\"button.default\">\n\t\t\t\t<div class=\"elementor-widget-container\">\n\t\t\t\t\t\t\t\t\t<div class=\"elementor-button-wrapper\">\n\t\t\t\t\t<a class=\"elementor-button elementor-button-link elementor-size-sm\" href=\"https:\/\/www.testsealabs-kit.com\/sv\/category\/industry-news\/\">\n\t\t\t\t\t\t<span class=\"elementor-button-content-wrapper\">\n\t\t\t\t\t\t\t\t\t<span class=\"elementor-button-text\">Nyheter fr\u00e5n industrin<\/span>\n\t\t\t\t\t<\/span>\n\t\t\t\t\t<\/a>\n\t\t\t\t<\/div>\n\t\t\t\t\t\t\t\t<\/div>\n\t\t\t\t<\/div>\n\t\t\t\t\t<\/div>\n\t\t<\/div>\n\t\t\t\t<div class=\"elementor-column elementor-col-20 elementor-top-column elementor-element elementor-element-05d8a8a\" data-id=\"05d8a8a\" data-element_type=\"column\">\n\t\t\t<div class=\"elementor-widget-wrap elementor-element-populated\">\n\t\t\t\t\t\t<div class=\"elementor-element elementor-element-668c3a1 elementor-align-center elementor-widget elementor-widget-button\" data-id=\"668c3a1\" data-element_type=\"widget\" data-widget_type=\"button.default\">\n\t\t\t\t<div class=\"elementor-widget-container\">\n\t\t\t\t\t\t\t\t\t<div class=\"elementor-button-wrapper\">\n\t\t\t\t\t<a class=\"elementor-button elementor-button-link elementor-size-sm\" href=\"https:\/\/www.testsealabs-kit.com\/sv\/category\/exhibition\/\">\n\t\t\t\t\t\t<span class=\"elementor-button-content-wrapper\">\n\t\t\t\t\t\t\t\t\t<span class=\"elementor-button-text\">Utst\u00e4llning<\/span>\n\t\t\t\t\t<\/span>\n\t\t\t\t\t<\/a>\n\t\t\t\t<\/div>\n\t\t\t\t\t\t\t\t<\/div>\n\t\t\t\t<\/div>\n\t\t\t\t\t<\/div>\n\t\t<\/div>\n\t\t\t\t<div class=\"elementor-column elementor-col-20 elementor-top-column elementor-element elementor-element-f365a72\" data-id=\"f365a72\" data-element_type=\"column\">\n\t\t\t<div class=\"elementor-widget-wrap\">\n\t\t\t\t\t\t\t<\/div>\n\t\t<\/div>\n\t\t\t\t\t<\/div>\n\t\t<\/section>\n\t\t\t\t<section class=\"elementor-section elementor-top-section elementor-element elementor-element-42a39ac liebiaoaaa elementor-section-boxed elementor-section-height-default elementor-section-height-default\" data-id=\"42a39ac\" data-element_type=\"section\">\n\t\t\t\t\t\t<div class=\"elementor-container elementor-column-gap-default\">\n\t\t\t\t\t<div class=\"elementor-column elementor-col-100 elementor-top-column elementor-element elementor-element-47dfe85\" data-id=\"47dfe85\" data-element_type=\"column\">\n\t\t\t<div class=\"elementor-widget-wrap elementor-element-populated\">\n\t\t\t\t\t\t<div class=\"elementor-element elementor-element-e65e2dc elementor-grid-1 custom-news elementor-grid-tablet-2 elementor-grid-mobile-1 elementor-posts--thumbnail-top elementor-widget elementor-widget-posts\" data-id=\"e65e2dc\" data-element_type=\"widget\" data-settings=\"{&quot;classic_columns&quot;:&quot;1&quot;,&quot;pagination_type&quot;:&quot;numbers&quot;,&quot;classic_columns_tablet&quot;:&quot;2&quot;,&quot;classic_columns_mobile&quot;:&quot;1&quot;,&quot;classic_row_gap&quot;:{&quot;unit&quot;:&quot;px&quot;,&quot;size&quot;:35,&quot;sizes&quot;:[]},&quot;classic_row_gap_tablet&quot;:{&quot;unit&quot;:&quot;px&quot;,&quot;size&quot;:&quot;&quot;,&quot;sizes&quot;:[]},&quot;classic_row_gap_mobile&quot;:{&quot;unit&quot;:&quot;px&quot;,&quot;size&quot;:&quot;&quot;,&quot;sizes&quot;:[]}}\" data-widget_type=\"posts.classic\">\n\t\t\t\t<div class=\"elementor-widget-container\">\n\t\t\t\t\t\t\t<div class=\"elementor-posts-container elementor-posts elementor-posts--skin-classic elementor-grid\">\n\t\t\t\t<article class=\"elementor-post elementor-grid-item post-711 post type-post status-publish format-standard has-post-thumbnail hentry category-exhibition entry\">\n\t\t\t\t<a class=\"elementor-post__thumbnail__link\" href=\"https:\/\/www.testsealabs-kit.com\/sv\/711\/\" >\n\t\t\t<div class=\"elementor-post__thumbnail\"><img fetchpriority=\"high\" decoding=\"async\" width=\"640\" height=\"456\" src=\"https:\/\/www.testsealabs-kit.com\/wp-content\/uploads\/2022\/04\/image005.jpg\" class=\"attachment-full size-full wp-image-713\" alt=\"\" style=\"width:100%;height:71.25%;max-width:640px\" srcset=\"https:\/\/www.testsealabs-kit.com\/wp-content\/uploads\/2022\/04\/image005.jpg 640w, https:\/\/www.testsealabs-kit.com\/wp-content\/uploads\/2022\/04\/image005-300x214.jpg 300w, https:\/\/www.testsealabs-kit.com\/wp-content\/uploads\/2022\/04\/image005-600x428.jpg 600w\" sizes=\"(max-width: 640px) 100vw, 640px\" \/><\/div>\n\t\t<\/a>\n\t\t\t\t<div class=\"elementor-post__text\">\n\t\t\t\t<h3 class=\"elementor-post__title\">\n\t\t\t<a href=\"https:\/\/www.testsealabs-kit.com\/sv\/711\/\" >\n\t\t\t\tExpomed Eurasien 2022\t\t\t<\/a>\n\t\t<\/h3>\n\t\t\t\t<div class=\"elementor-post__meta-data\">\n\t\t\t\t\t<span class=\"elementor-post-date\">\n\t\t\t2022-03-17\t\t<\/span>\n\t\t\t\t<span class=\"elementor-post-avatar\">\n\t\t\tInga kommentarer\t\t<\/span>\n\t\t\t\t<\/div>\n\t\t\t\t<div class=\"elementor-post__excerpt\">\n\t\t\t<p>I n\u00e4stan 30 \u00e5r har Expomed Eurasia varit den ledande medicinska m\u00e4ssan, inte bara i Turkiet utan \u00e4ven i den st\u00f6rre eurasiska regionen. M\u00e4ssan g\u00f6r nu det b\u00e4sta av banbrytande digitala l\u00f6sningar och g\u00e5r l\u00e4ngre \u00e4n n\u00e4tverkande ansikte mot ansikte. Den 29:e upplagan av Expomed Eurasia \u00e4gde rum den 17-19 mars 2022 i Istanbul. Med 600+ utst\u00e4llare fr\u00e5n Turkiet och utomlands och 19000 bes\u00f6kare endast fr\u00e5n Turkiet och 5000 internationella bes\u00f6kare har Expomed Eurasia varit en stor framg\u00e5ng f\u00f6r v\u00e5rdbranschen.   Utst\u00e4llning:Expomed Eurasia Booth No.:524B Plats:T\u00fcyap Fair and Congress Center,Istanbul, Turkiet Tid:2022.03.17-2022.03.19 Utst\u00e4llare\uff1aHangzhou Testsea Biotechnology Co, Ltd.<\/p>\n\t\t<\/div>\n\t\t\t\t\t<a class=\"elementor-post__read-more\" href=\"https:\/\/www.testsealabs-kit.com\/sv\/711\/\" >\n\t\t\t\tL\u00e4s mer p\u00e5\t\t\t<\/a>\n\t\t\t\t<\/div>\n\t\t\t\t<\/article>\n\t\t\t\t<article class=\"elementor-post elementor-grid-item post-708 post type-post status-publish format-standard hentry category-industry-news entry\">\n\t\t\t\t<div class=\"elementor-post__text\">\n\t\t\t\t<h3 class=\"elementor-post__title\">\n\t\t\t<a href=\"https:\/\/www.testsealabs-kit.com\/sv\/what-is-the-difference-between-antigen-detection-and-nucleic-acid-detection\/\" >\n\t\t\t\tVad \u00e4r skillnaden mellan antigendetektering och nukleinsyredetektering?\t\t\t<\/a>\n\t\t<\/h3>\n\t\t\t\t<div class=\"elementor-post__meta-data\">\n\t\t\t\t\t<span class=\"elementor-post-date\">\n\t\t\t2022-03-15\t\t<\/span>\n\t\t\t\t<span class=\"elementor-post-avatar\">\n\t\t\tInga kommentarer\t\t<\/span>\n\t\t\t\t<\/div>\n\t\t\t\t<div class=\"elementor-post__excerpt\">\n\t\t\t<p>Nyligen har flera nya produkter f\u00f6r sj\u00e4lvtest av kronantigen godk\u00e4nts f\u00f6r marknadsf\u00f6ring, vilket har v\u00e4ckt uppm\u00e4rksamhet.   Vad \u00e4r ett antigentest, och vad \u00e4r skillnaden mot det v\u00e4lk\u00e4nda nukleinsyratestet? Varf\u00f6r l\u00e4gga till denna nya detektionsmetod? Vad \u00e4r detektionsnoggrannheten? Vad beh\u00f6ver man g\u00f6ra? Finns det n\u00e5gra risker? Tvivel om denna nya form av detektion uppst\u00e5r.   Vad exakt \u00e4r ett antigentest? Hur skiljer det sig fr\u00e5n nukleinsyratestning?   Antigener \u00e4r som de \"kl\u00e4der\" som viruset b\u00e4r p\u00e5 utsidan, och nukleinsyror \u00e4r generna inuti viruset.   Dessa tv\u00e5 tester \u00e4r n\u00e5got olika. Antigentestet \u00e4r en metod som utg\u00e5r fr\u00e5n antikroppen f\u00f6r att m\u00e4ta \"kl\u00e4derna\", och efter den omfattande specificiteten kan viruset<\/p>\n\t\t<\/div>\n\t\t\t\t\t<a class=\"elementor-post__read-more\" href=\"https:\/\/www.testsealabs-kit.com\/sv\/what-is-the-difference-between-antigen-detection-and-nucleic-acid-detection\/\" >\n\t\t\t\tL\u00e4s mer p\u00e5\t\t\t<\/a>\n\t\t\t\t<\/div>\n\t\t\t\t<\/article>\n\t\t\t\t<article class=\"elementor-post elementor-grid-item post-209 post type-post status-publish format-standard has-post-thumbnail hentry category-company-news entry\">\n\t\t\t\t<a class=\"elementor-post__thumbnail__link\" href=\"https:\/\/www.testsealabs-kit.com\/sv\/goldsite-obtains-ce-self-testing-certificate-for-the-sars-cov-2-nasal-antigen-self-test\/\" >\n\t\t\t<div class=\"elementor-post__thumbnail\"><img decoding=\"async\" width=\"500\" height=\"301\" src=\"https:\/\/www.testsealabs-kit.com\/wp-content\/uploads\/2022\/04\/image002-1.png\" class=\"attachment-full size-full wp-image-706\" alt=\"\" style=\"width:100%;height:60.2%;max-width:500px\" srcset=\"https:\/\/www.testsealabs-kit.com\/wp-content\/uploads\/2022\/04\/image002-1.png 500w, https:\/\/www.testsealabs-kit.com\/wp-content\/uploads\/2022\/04\/image002-1-300x181.png 300w\" sizes=\"(max-width: 500px) 100vw, 500px\" \/><\/div>\n\t\t<\/a>\n\t\t\t\t<div class=\"elementor-post__text\">\n\t\t\t\t<h3 class=\"elementor-post__title\">\n\t\t\t<a href=\"https:\/\/www.testsealabs-kit.com\/sv\/goldsite-obtains-ce-self-testing-certificate-for-the-sars-cov-2-nasal-antigen-self-test\/\" >\n\t\t\t\tTestsealabs COVID-19 Antigen Rapid Test kan effektivt t\u00e4cka coronavirus Omicron (B.1.1529) variantstam.\t\t\t<\/a>\n\t\t<\/h3>\n\t\t\t\t<div class=\"elementor-post__meta-data\">\n\t\t\t\t\t<span class=\"elementor-post-date\">\n\t\t\t2021-11-29\t\t<\/span>\n\t\t\t\t<span class=\"elementor-post-avatar\">\n\t\t\tInga kommentarer\t\t<\/span>\n\t\t\t\t<\/div>\n\t\t\t\t<div class=\"elementor-post__excerpt\">\n\t\t\t<p>F\u00f6r n\u00e4rvarande g\u00f6r v\u00e5rt f\u00f6retag en detaljerad j\u00e4mf\u00f6relse och analys baserad p\u00e5 nukleinsyrasekvensen f\u00f6r mutationsst\u00e4llet f\u00f6r Omicron-mutantstammen som publicerats av GISAID-databasen och igenk\u00e4nningsepitopen f\u00f6r den specifika anti-N-proteinantikroppen som anv\u00e4nds i v\u00e5ra snabbtestprodukter f\u00f6r antigen fr\u00e5n coronaviruset. Analysresultaten visade att mutationsst\u00e4llet f\u00f6r Omicron-mutantstammen inte p\u00e5verkade antigenbest\u00e4mningen av det reagens f\u00f6r snabbtest av coronavirusantigen som utvecklats, tillverkats och s\u00e5lts av v\u00e5rt f\u00f6retag. V\u00e5rt f\u00f6retags Testsealabs COVID-19 Antigen Rapid Test kan effektivt t\u00e4cka den nya mutantstammen av coronaviruset Omicron (B.1.1529). Eftersom det f\u00f6r n\u00e4rvarande \u00e4r om\u00f6jligt att f\u00e5 prover f\u00f6r verifiering kr\u00e4vs dock efterf\u00f6ljande verifieringstester i laboratoriet. V\u00e5rt f\u00f6retag har verifierat detektionsprestandan hos snabbtestet f\u00f6r coronavirusantigen som utvecklats av v\u00e5rt<\/p>\n\t\t<\/div>\n\t\t\t\t\t<a class=\"elementor-post__read-more\" href=\"https:\/\/www.testsealabs-kit.com\/sv\/goldsite-obtains-ce-self-testing-certificate-for-the-sars-cov-2-nasal-antigen-self-test\/\" >\n\t\t\t\tL\u00e4s mer p\u00e5\t\t\t<\/a>\n\t\t\t\t<\/div>\n\t\t\t\t<\/article>\n\t\t\t\t<\/div>\n\n\n\t\t\n\t\t\t\t\t\t<\/div>\n\t\t\t\t<\/div>\n\t\t\t\t\t<\/div>\n\t\t<\/div>\n\t\t\t\t\t<\/div>\n\t\t<\/section>\n\t\t\t\t<\/div>","protected":false},"excerpt":{"rendered":"<p>F\u00f6retagsnyheter Branschnyheter Utst\u00e4llning<\/p>","protected":false},"author":1,"featured_media":0,"parent":0,"menu_order":0,"comment_status":"closed","ping_status":"closed","template":"elementor_header_footer","meta":{"footnotes":""},"class_list":["post-32","page","type-page","status-publish","hentry","entry"],"_links":{"self":[{"href":"https:\/\/www.testsealabs-kit.com\/sv\/wp-json\/wp\/v2\/pages\/32","targetHints":{"allow":["GET"]}}],"collection":[{"href":"https:\/\/www.testsealabs-kit.com\/sv\/wp-json\/wp\/v2\/pages"}],"about":[{"href":"https:\/\/www.testsealabs-kit.com\/sv\/wp-json\/wp\/v2\/types\/page"}],"author":[{"embeddable":true,"href":"https:\/\/www.testsealabs-kit.com\/sv\/wp-json\/wp\/v2\/users\/1"}],"replies":[{"embeddable":true,"href":"https:\/\/www.testsealabs-kit.com\/sv\/wp-json\/wp\/v2\/comments?post=32"}],"version-history":[{"count":0,"href":"https:\/\/www.testsealabs-kit.com\/sv\/wp-json\/wp\/v2\/pages\/32\/revisions"}],"wp:attachment":[{"href":"https:\/\/www.testsealabs-kit.com\/sv\/wp-json\/wp\/v2\/media?parent=32"}],"curies":[{"name":"wp","href":"https:\/\/api.w.org\/{rel}","templated":true}]}}