{"id":1217,"date":"2022-05-19T11:09:59","date_gmt":"2022-05-19T03:09:59","guid":{"rendered":"https:\/\/www.testsealabs-kit.com\/?post_type=product&#038;p=1217"},"modified":"2025-03-10T15:55:44","modified_gmt":"2025-03-10T07:55:44","slug":"canine-distemper-virus-antigen-testcdv-ag","status":"publish","type":"product","link":"https:\/\/www.testsealabs-kit.com\/sv\/produkt\/canine-distemper-virus-antigen-testcdv-ag\/","title":{"rendered":"Test av antigen mot hunddistempervirus (CDV Ag)"},"content":{"rendered":"<p><span style=\"font-size: 14pt;\">1.F\u00e5 resultat inom 15 minuter<\/span><\/p>\n<p><span style=\"font-size: 14pt;\">2.L\u00e4tt att samla in prover<\/span><\/p>\n<p><span style=\"font-size: 14pt;\">3.Resultaten \u00e4r tydligt synliga<\/span><\/p>\n<p><span style=\"font-size: 14pt;\">4. Ingen utrustning kr\u00e4vs<\/span><\/p>\n<p><span style=\"font-size: 14pt;\">5. l\u00e4mplig f\u00f6r snabb screening i stor skala<\/span><\/p>","protected":false},"excerpt":{"rendered":"<p>Produkten \u00e4r en immunokromatografisk analys med lateralt fl\u00f6de f\u00f6r kvalitativ detektion av antigen fr\u00e5n Canine Distemper Virus (CDV Ag) i sekret fr\u00e5n saliv, \u00f6gon- och konjunktivalsekret.<\/p>\n<p>&nbsp;<\/p>\n<p>Valpsjuka \u00e4r en v\u00e4rldsomsp\u00e4nnande akut och mycket smittsam virusinfektionssjukdom. Den naturliga infektionsv\u00e4gen f\u00f6r CDV \u00e4r huvudsakligen genom de \u00f6vre luftv\u00e4garna. Efter att ha infekterats med CDV kommer CDV att attackera celler i tarmepitel och kardiomyocyter. De viktigaste kliniska manifestationerna \u00e4r gastrointestinala sjukdomar och myokardit, och de flesta valparna \u00e4r myokardit. Canine distemper \u00e4r en typ av infektionssjukdom med h\u00f6g incidens, h\u00f6g d\u00f6dlighet och frekvent utbrott. Hundar i olika \u00e5ldrar, k\u00f6n och raser kan smittas.<\/p>","protected":false},"featured_media":1216,"comment_status":"open","ping_status":"closed","template":"","meta":[],"product_brand":[],"product_cat":[20,47],"product_tag":[],"class_list":{"0":"post-1217","1":"product","2":"type-product","3":"status-publish","4":"has-post-thumbnail","6":"product_cat-all-products","7":"product_cat-animals-diagnostic-rapid-test","8":"entry","10":"first","11":"instock","12":"shipping-taxable","13":"product-type-simple"},"_links":{"self":[{"href":"https:\/\/www.testsealabs-kit.com\/sv\/wp-json\/wp\/v2\/product\/1217","targetHints":{"allow":["GET"]}}],"collection":[{"href":"https:\/\/www.testsealabs-kit.com\/sv\/wp-json\/wp\/v2\/product"}],"about":[{"href":"https:\/\/www.testsealabs-kit.com\/sv\/wp-json\/wp\/v2\/types\/product"}],"replies":[{"embeddable":true,"href":"https:\/\/www.testsealabs-kit.com\/sv\/wp-json\/wp\/v2\/comments?post=1217"}],"wp:featuredmedia":[{"embeddable":true,"href":"https:\/\/www.testsealabs-kit.com\/sv\/wp-json\/wp\/v2\/media\/1216"}],"wp:attachment":[{"href":"https:\/\/www.testsealabs-kit.com\/sv\/wp-json\/wp\/v2\/media?parent=1217"}],"wp:term":[{"taxonomy":"product_brand","embeddable":true,"href":"https:\/\/www.testsealabs-kit.com\/sv\/wp-json\/wp\/v2\/product_brand?post=1217"},{"taxonomy":"product_cat","embeddable":true,"href":"https:\/\/www.testsealabs-kit.com\/sv\/wp-json\/wp\/v2\/product_cat?post=1217"},{"taxonomy":"product_tag","embeddable":true,"href":"https:\/\/www.testsealabs-kit.com\/sv\/wp-json\/wp\/v2\/product_tag?post=1217"}],"curies":[{"name":"wp","href":"https:\/\/api.w.org\/{rel}","templated":true}]}}