{"id":1219,"date":"2022-05-19T11:14:48","date_gmt":"2022-05-19T03:14:48","guid":{"rendered":"https:\/\/www.testsealabs-kit.com\/?post_type=product&#038;p=1219"},"modified":"2022-05-19T11:19:02","modified_gmt":"2022-05-19T03:19:02","slug":"feline-coronavirus-antigen-testfcov-ag","status":"publish","type":"product","link":"https:\/\/www.testsealabs-kit.com\/sv\/produkt\/feline-coronavirus-antigen-testfcov-ag\/","title":{"rendered":"Test av antigen mot felint coronavirus (FCoV Ag)"},"content":{"rendered":"<p><span style=\"font-size: 14pt;\">1.F\u00e5 resultat inom 15 minuter<\/span><br \/>\n<span style=\"font-size: 14pt;\">2.L\u00e4tt att samla in prover<\/span><br \/>\n<span style=\"font-size: 14pt;\">3.Resultaten \u00e4r tydligt synliga<\/span><br \/>\n<span style=\"font-size: 14pt;\">4. Ingen utrustning kr\u00e4vs<\/span><br \/>\n<span style=\"font-size: 14pt;\">5. l\u00e4mplig f\u00f6r snabb screening i stor skala<\/span><\/p>","protected":false},"excerpt":{"rendered":"<p>Produkten \u00e4r en testkassett f\u00f6r att diagnostisera f\u00f6rekomsten av Feline Coronavirus-antigener i kattens helblod \/ serumprov. Feline Coronavirus-antigenet kan detekteras med detta snabbtest.<\/p>","protected":false},"featured_media":1216,"comment_status":"open","ping_status":"closed","template":"","meta":[],"product_brand":[],"product_cat":[20,47],"product_tag":[],"class_list":{"0":"post-1219","1":"product","2":"type-product","3":"status-publish","4":"has-post-thumbnail","6":"product_cat-all-products","7":"product_cat-animals-diagnostic-rapid-test","8":"entry","10":"first","11":"instock","12":"shipping-taxable","13":"product-type-simple"},"_links":{"self":[{"href":"https:\/\/www.testsealabs-kit.com\/sv\/wp-json\/wp\/v2\/product\/1219","targetHints":{"allow":["GET"]}}],"collection":[{"href":"https:\/\/www.testsealabs-kit.com\/sv\/wp-json\/wp\/v2\/product"}],"about":[{"href":"https:\/\/www.testsealabs-kit.com\/sv\/wp-json\/wp\/v2\/types\/product"}],"replies":[{"embeddable":true,"href":"https:\/\/www.testsealabs-kit.com\/sv\/wp-json\/wp\/v2\/comments?post=1219"}],"wp:featuredmedia":[{"embeddable":true,"href":"https:\/\/www.testsealabs-kit.com\/sv\/wp-json\/wp\/v2\/media\/1216"}],"wp:attachment":[{"href":"https:\/\/www.testsealabs-kit.com\/sv\/wp-json\/wp\/v2\/media?parent=1219"}],"wp:term":[{"taxonomy":"product_brand","embeddable":true,"href":"https:\/\/www.testsealabs-kit.com\/sv\/wp-json\/wp\/v2\/product_brand?post=1219"},{"taxonomy":"product_cat","embeddable":true,"href":"https:\/\/www.testsealabs-kit.com\/sv\/wp-json\/wp\/v2\/product_cat?post=1219"},{"taxonomy":"product_tag","embeddable":true,"href":"https:\/\/www.testsealabs-kit.com\/sv\/wp-json\/wp\/v2\/product_tag?post=1219"}],"curies":[{"name":"wp","href":"https:\/\/api.w.org\/{rel}","templated":true}]}}