{"id":1222,"date":"2022-05-19T11:29:08","date_gmt":"2022-05-19T03:29:08","guid":{"rendered":"https:\/\/www.testsealabs-kit.com\/?post_type=product&#038;p=1222"},"modified":"2022-05-19T11:29:08","modified_gmt":"2022-05-19T03:29:08","slug":"pregnancy-relaxin-testrln","status":"publish","type":"product","link":"https:\/\/www.testsealabs-kit.com\/sv\/produkt\/pregnancy-relaxin-testrln\/","title":{"rendered":"Graviditet Relaxin Test (RLN)"},"content":{"rendered":"<p><span style=\"font-size: 14pt;\">1.F\u00e5 resultat inom 15 minuter<\/span><br \/>\n<span style=\"font-size: 14pt;\">2.L\u00e4tt att samla in prover<\/span><br \/>\n<span style=\"font-size: 14pt;\">3.Resultaten \u00e4r tydligt synliga<\/span><br \/>\n<span style=\"font-size: 14pt;\">4. Ingen utrustning kr\u00e4vs<\/span><br \/>\n<span style=\"font-size: 14pt;\">5. l\u00e4mplig f\u00f6r snabb screening i stor skala<\/span><\/p>","protected":false},"excerpt":{"rendered":"<p>Produkten \u00e4r ett specifikt hormon som huvudsakligen produceras av moderkakan. Det anv\u00e4nds vanligtvis som en indikator p\u00e5 dr\u00e4ktighetsstatus hos tikar. Hos dr\u00e4ktiga hundar kan relaxin p\u00e5visas fr\u00e5n 15 dagar efter nidation av befruktat \u00e4gg i livmoderv\u00e4ggen. Pregnancy Relaxin RLN Test \u00e4r ett snabbtest f\u00f6r att detektera relaxin hos tikar som kan vara dr\u00e4ktiga. Den f\u00f6reslagna detektionsperioden \u00e4r 22-30 dagar efter parning. F\u00f6r tidig detektion kan leda till ett negativt resultat n\u00e4r relaxinhalten i serum \u00e4r f\u00f6r l\u00e5g. Vi rekommenderar att testet upprepas efter 1 vecka om ett negativt resultat har observerats.<\/p>\n<p>Canine Pregnancy Relaxin Test \u00e4r en snabb kromatografisk immunoassay f\u00f6r kvalitativ detektion av realxin i serumprover.<\/p>","protected":false},"featured_media":1216,"comment_status":"open","ping_status":"closed","template":"","meta":[],"product_brand":[],"product_cat":[20,47],"product_tag":[],"class_list":{"0":"post-1222","1":"product","2":"type-product","3":"status-publish","4":"has-post-thumbnail","6":"product_cat-all-products","7":"product_cat-animals-diagnostic-rapid-test","8":"entry","10":"first","11":"instock","12":"shipping-taxable","13":"product-type-simple"},"_links":{"self":[{"href":"https:\/\/www.testsealabs-kit.com\/sv\/wp-json\/wp\/v2\/product\/1222","targetHints":{"allow":["GET"]}}],"collection":[{"href":"https:\/\/www.testsealabs-kit.com\/sv\/wp-json\/wp\/v2\/product"}],"about":[{"href":"https:\/\/www.testsealabs-kit.com\/sv\/wp-json\/wp\/v2\/types\/product"}],"replies":[{"embeddable":true,"href":"https:\/\/www.testsealabs-kit.com\/sv\/wp-json\/wp\/v2\/comments?post=1222"}],"wp:featuredmedia":[{"embeddable":true,"href":"https:\/\/www.testsealabs-kit.com\/sv\/wp-json\/wp\/v2\/media\/1216"}],"wp:attachment":[{"href":"https:\/\/www.testsealabs-kit.com\/sv\/wp-json\/wp\/v2\/media?parent=1222"}],"wp:term":[{"taxonomy":"product_brand","embeddable":true,"href":"https:\/\/www.testsealabs-kit.com\/sv\/wp-json\/wp\/v2\/product_brand?post=1222"},{"taxonomy":"product_cat","embeddable":true,"href":"https:\/\/www.testsealabs-kit.com\/sv\/wp-json\/wp\/v2\/product_cat?post=1222"},{"taxonomy":"product_tag","embeddable":true,"href":"https:\/\/www.testsealabs-kit.com\/sv\/wp-json\/wp\/v2\/product_tag?post=1222"}],"curies":[{"name":"wp","href":"https:\/\/api.w.org\/{rel}","templated":true}]}}