{"id":1235,"date":"2022-05-19T12:00:01","date_gmt":"2022-05-19T04:00:01","guid":{"rendered":"https:\/\/www.testsealabs-kit.com\/?post_type=product&#038;p=1235"},"modified":"2026-02-06T12:36:57","modified_gmt":"2026-02-06T04:36:57","slug":"rabies-antibody-testrabies-ab","status":"publish","type":"product","link":"https:\/\/www.testsealabs-kit.com\/sv\/produkt\/rabies-antibody-testrabies-ab\/","title":{"rendered":"Test av antikroppar mot rabies (Rabies Ab)"},"content":{"rendered":"<p><span style=\"font-size: 14pt;\">1.F\u00e5 resultat inom 15 minuter<\/span><br \/>\n<span style=\"font-size: 14pt;\">2.L\u00e4tt att samla in prover<\/span><br \/>\n<span style=\"font-size: 14pt;\">3.Resultaten \u00e4r tydligt synliga<\/span><br \/>\n<span style=\"font-size: 14pt;\">4. Ingen utrustning kr\u00e4vs<\/span><br \/>\n<span style=\"font-size: 14pt;\">5. l\u00e4mplig f\u00f6r snabb screening i stor skala<\/span><\/p>","protected":false},"excerpt":{"rendered":"<p>Rabies Antibody Test \u00e4r en immunokromatografisk analys med lateralt fl\u00f6de f\u00f6r kvalitativ detektion av rabiesvirusantikroppar (Rabies Ab) \u00f6ver niv\u00e5n 0,5IU\/mL i helblod\/serum fr\u00e5n hund.<\/p>\n<p>&nbsp;<\/p>\n<p>Produkten \u00e4r en livshotande sjukdom f\u00f6r b\u00e5de djur och m\u00e4nniskor. Hund eller katt kan vara b\u00e4rare utan n\u00e5gra kliniska symptom. Vaccination kan uppenbarligen minska f\u00f6rh\u00e5llandet mellan b\u00e4rare och infektion av rabiesvirus. Men \u00e4ven efter vaccination finns det fortfarande cirka 15% av de totala fallen som inte kunde generera skyddande antikroppar. Det f\u00f6resl\u00e5s att rabiesantikroppar hos hundar ska p\u00e5visas efter 45 dagars vaccination.<\/p>","protected":false},"featured_media":1216,"comment_status":"open","ping_status":"closed","template":"","meta":[],"product_brand":[],"product_cat":[20,47],"product_tag":[],"class_list":{"0":"post-1235","1":"product","2":"type-product","3":"status-publish","4":"has-post-thumbnail","6":"product_cat-all-products","7":"product_cat-animals-diagnostic-rapid-test","8":"entry","10":"first","11":"instock","12":"shipping-taxable","13":"product-type-simple"},"_links":{"self":[{"href":"https:\/\/www.testsealabs-kit.com\/sv\/wp-json\/wp\/v2\/product\/1235","targetHints":{"allow":["GET"]}}],"collection":[{"href":"https:\/\/www.testsealabs-kit.com\/sv\/wp-json\/wp\/v2\/product"}],"about":[{"href":"https:\/\/www.testsealabs-kit.com\/sv\/wp-json\/wp\/v2\/types\/product"}],"replies":[{"embeddable":true,"href":"https:\/\/www.testsealabs-kit.com\/sv\/wp-json\/wp\/v2\/comments?post=1235"}],"wp:featuredmedia":[{"embeddable":true,"href":"https:\/\/www.testsealabs-kit.com\/sv\/wp-json\/wp\/v2\/media\/1216"}],"wp:attachment":[{"href":"https:\/\/www.testsealabs-kit.com\/sv\/wp-json\/wp\/v2\/media?parent=1235"}],"wp:term":[{"taxonomy":"product_brand","embeddable":true,"href":"https:\/\/www.testsealabs-kit.com\/sv\/wp-json\/wp\/v2\/product_brand?post=1235"},{"taxonomy":"product_cat","embeddable":true,"href":"https:\/\/www.testsealabs-kit.com\/sv\/wp-json\/wp\/v2\/product_cat?post=1235"},{"taxonomy":"product_tag","embeddable":true,"href":"https:\/\/www.testsealabs-kit.com\/sv\/wp-json\/wp\/v2\/product_tag?post=1235"}],"curies":[{"name":"wp","href":"https:\/\/api.w.org\/{rel}","templated":true}]}}