{"id":749,"date":"2022-04-07T02:00:56","date_gmt":"2022-04-06T18:00:56","guid":{"rendered":"https:\/\/www.testsealabs-kit.com\/?post_type=product&#038;p=749"},"modified":"2026-04-29T19:57:30","modified_gmt":"2026-04-29T11:57:30","slug":"covid-19-antigen-test-cassette-self-test","status":"publish","type":"product","link":"https:\/\/www.testsealabs-kit.com\/sv\/produkt\/covid-19-antigen-test-cassette-self-test\/","title":{"rendered":"Testkassett f\u00f6r antigen mot covid-19 - sj\u00e4lvtest - n\u00e4ssvabb"},"content":{"rendered":"<p>\u3010Avsiktlig anv\u00e4ndning<\/p>\n<p>Testkassetten f\u00f6r covid-19-antigen \u00e4r ett snabbtest f\u00f6r kvalitativ detektion av SARS-CoV-2-nukleokapsidantigen i fr\u00e4mre n\u00e4ssvabbar. Det anv\u00e4nds f\u00f6r att underl\u00e4tta diagnos av SARS- CoV-2-infektion som kan leda till covid-19-sjukdom. Testet kan utf\u00f6ras n\u00e4r som helst och \u00e4r l\u00e4mpligt f\u00f6r symtomatiska personer. Minder\u00e5riga m\u00e5ste assisteras i testet av vuxna. Det rekommenderas att detta test endast anv\u00e4nds som ett komplement till andra diagnostiska f\u00f6rfaranden. Testet \u00e4r utformat f\u00f6r sj\u00e4lvadministration av lekm\u00e4n och kan utf\u00f6ras utanf\u00f6r laboratoriet.<\/p>\n<p>\u3010Certificate\u3011 (certifikat)<\/p>\n<p>CE,ISO9001,ISO13485<\/p>","protected":false},"excerpt":{"rendered":"<p>Testkassett f\u00f6r sj\u00e4lvtest av covid-19-antigen \u7b80\u77ed\u63cf\u8ff0<\/p>","protected":false},"featured_media":682,"comment_status":"open","ping_status":"closed","template":"","meta":[],"product_brand":[],"product_cat":[20,26],"product_tag":[],"class_list":{"0":"post-749","1":"product","2":"type-product","3":"status-publish","4":"has-post-thumbnail","6":"product_cat-all-products","7":"product_cat-covid-19-sars-cov-2-rapid-test","8":"entry","10":"first","11":"instock","12":"shipping-taxable","13":"purchasable","14":"product-type-variable","15":"has-default-attributes"},"_links":{"self":[{"href":"https:\/\/www.testsealabs-kit.com\/sv\/wp-json\/wp\/v2\/product\/749","targetHints":{"allow":["GET"]}}],"collection":[{"href":"https:\/\/www.testsealabs-kit.com\/sv\/wp-json\/wp\/v2\/product"}],"about":[{"href":"https:\/\/www.testsealabs-kit.com\/sv\/wp-json\/wp\/v2\/types\/product"}],"replies":[{"embeddable":true,"href":"https:\/\/www.testsealabs-kit.com\/sv\/wp-json\/wp\/v2\/comments?post=749"}],"wp:featuredmedia":[{"embeddable":true,"href":"https:\/\/www.testsealabs-kit.com\/sv\/wp-json\/wp\/v2\/media\/682"}],"wp:attachment":[{"href":"https:\/\/www.testsealabs-kit.com\/sv\/wp-json\/wp\/v2\/media?parent=749"}],"wp:term":[{"taxonomy":"product_brand","embeddable":true,"href":"https:\/\/www.testsealabs-kit.com\/sv\/wp-json\/wp\/v2\/product_brand?post=749"},{"taxonomy":"product_cat","embeddable":true,"href":"https:\/\/www.testsealabs-kit.com\/sv\/wp-json\/wp\/v2\/product_cat?post=749"},{"taxonomy":"product_tag","embeddable":true,"href":"https:\/\/www.testsealabs-kit.com\/sv\/wp-json\/wp\/v2\/product_tag?post=749"}],"curies":[{"name":"wp","href":"https:\/\/api.w.org\/{rel}","templated":true}]}}