{"id":932,"date":"2022-04-25T20:35:08","date_gmt":"2022-04-25T12:35:08","guid":{"rendered":"https:\/\/www.testsealabs-kit.com\/?post_type=product&#038;p=932"},"modified":"2022-04-29T22:50:01","modified_gmt":"2022-04-29T14:50:01","slug":"covid-19-antigen-test-cassette-professional-use-lollipop-style-saliva","status":"publish","type":"product","link":"https:\/\/www.testsealabs-kit.com\/sv\/produkt\/covid-19-antigen-test-cassette-professional-use-lollipop-style-saliva\/","title":{"rendered":"Testkassett f\u00f6r antigenet COVID-19 - professionell anv\u00e4ndning - saliv som kan tas med en halstablett"},"content":{"rendered":"<p>\u3010Avsiktlig anv\u00e4ndning<\/p>\n<p>COVID-19 Antigen Test Cassette \u00e4r ett snabbtest f\u00f6r kvalitativ detektion av SARS-CoV-2 nukleokapsidantigen i salivprov. Det anv\u00e4nds f\u00f6r att underl\u00e4tta diagnos av SARS- CoV-2-infektion som kan leda till covid-19-sjukdom.<\/p>\n<p>Testet kan utf\u00f6ras n\u00e4r som helst och \u00e4r l\u00e4mpligt f\u00f6r b\u00e5de symptomatiska och asymptomatiska personer. Minder\u00e5riga m\u00e5ste assisteras av vuxna under testet.<\/p>\n<p>Det rekommenderas att detta test endast anv\u00e4nds som ett komplement till andra diagnostiska f\u00f6rfaranden. Testet \u00e4r avsett f\u00f6r yrkesm\u00e4ssigt bruk.<\/p>\n<p>\u3010Certificate\u3011 (certifikat)<\/p>\n<p>CE,ISO9001,ISO13485<\/p>","protected":false},"excerpt":{"rendered":"<p>Testkassett f\u00f6r sj\u00e4lvtest av covid-19-antigen \u7b80\u77ed\u63cf\u8ff0<\/p>","protected":false},"featured_media":939,"comment_status":"open","ping_status":"closed","template":"","meta":[],"product_brand":[],"product_cat":[20,26],"product_tag":[],"class_list":{"0":"post-932","1":"product","2":"type-product","3":"status-publish","4":"has-post-thumbnail","6":"product_cat-all-products","7":"product_cat-covid-19-sars-cov-2-rapid-test","8":"entry","10":"first","11":"instock","12":"shipping-taxable","13":"purchasable","14":"product-type-variable","15":"has-default-attributes"},"_links":{"self":[{"href":"https:\/\/www.testsealabs-kit.com\/sv\/wp-json\/wp\/v2\/product\/932","targetHints":{"allow":["GET"]}}],"collection":[{"href":"https:\/\/www.testsealabs-kit.com\/sv\/wp-json\/wp\/v2\/product"}],"about":[{"href":"https:\/\/www.testsealabs-kit.com\/sv\/wp-json\/wp\/v2\/types\/product"}],"replies":[{"embeddable":true,"href":"https:\/\/www.testsealabs-kit.com\/sv\/wp-json\/wp\/v2\/comments?post=932"}],"wp:featuredmedia":[{"embeddable":true,"href":"https:\/\/www.testsealabs-kit.com\/sv\/wp-json\/wp\/v2\/media\/939"}],"wp:attachment":[{"href":"https:\/\/www.testsealabs-kit.com\/sv\/wp-json\/wp\/v2\/media?parent=932"}],"wp:term":[{"taxonomy":"product_brand","embeddable":true,"href":"https:\/\/www.testsealabs-kit.com\/sv\/wp-json\/wp\/v2\/product_brand?post=932"},{"taxonomy":"product_cat","embeddable":true,"href":"https:\/\/www.testsealabs-kit.com\/sv\/wp-json\/wp\/v2\/product_cat?post=932"},{"taxonomy":"product_tag","embeddable":true,"href":"https:\/\/www.testsealabs-kit.com\/sv\/wp-json\/wp\/v2\/product_tag?post=932"}],"curies":[{"name":"wp","href":"https:\/\/api.w.org\/{rel}","templated":true}]}}