{"id":945,"date":"2022-04-25T20:40:10","date_gmt":"2022-04-25T12:40:10","guid":{"rendered":"https:\/\/www.testsealabs-kit.com\/?post_type=product&#038;p=945"},"modified":"2022-05-10T23:01:59","modified_gmt":"2022-05-10T15:01:59","slug":"flu-a-b-covid-19-antigen-combo-test-cassette-professional-use","status":"publish","type":"product","link":"https:\/\/www.testsealabs-kit.com\/sv\/produkt\/flu-a-b-covid-19-antigen-combo-test-cassette-professional-use\/","title":{"rendered":"Testkassett f\u00f6r kombinationen influensa A\/B + antigen mot covid-19 - yrkesm\u00e4ssigt bruk"},"content":{"rendered":"<p>\u3010Avsiktlig anv\u00e4ndning<\/p>\n<p>Testet \u00e4r avsett att anv\u00e4ndas f\u00f6r samtidig snabb in vitro-detektion och differentiering av<\/p>\n<p>nukleokapsidproteinantigen f\u00f6r influensa A-virus, influensa B-virus och covid-19-virus, men inte<\/p>\n<p>inte skilja mellan SARS-CoV och COVID-19-virus och \u00e4r inte avsedd att uppt\u00e4cka<\/p>\n<p>influensa C-antigener. Prestandaegenskaperna kan variera mot andra framv\u00e4xande influensa<\/p>\n<p>virus.<\/p>\n<p>Virusantigener fr\u00e5n influensa A, influensa B och covid-19 kan i allm\u00e4nhet p\u00e5visas i prover fr\u00e5n de \u00f6vre luftv\u00e4garna under den akuta infektionsfasen. Positiva resultat indikerar f\u00f6rekomst av virusantigener, men klinisk korrelation med patienthistoria och annan diagnostisk information \u00e4r n\u00f6dv\u00e4ndig f\u00f6r att fastst\u00e4lla infektionsstatus.<\/p>\n<p>Positiva resultat utesluter inte bakteriell infektion eller co-infektion med andra virus. Agens<\/p>\n<p>uppt\u00e4cks kanske inte \u00e4r den definitiva orsaken till sjukdom.<\/p>\n<p>Negativa covid-19-resultat fr\u00e5n patienter med symtomdebut efter mer \u00e4n fem dagar b\u00f6r<\/p>\n<p>behandlas som presumtiva och bekr\u00e4ftas med en molekyl\u00e4r analys, om n\u00f6dv\u00e4ndigt, f\u00f6r patienten<\/p>\n<p>hantering, kan utf\u00f6ras. Negativa resultat utesluter inte covid-19 och b\u00f6r inte<\/p>\n<p>anv\u00e4nds som enda grund f\u00f6r beslut om behandling eller patienthantering, inklusive infektion<\/p>\n<p>kontrollbeslut. Negativa resultat b\u00f6r beaktas i samband med patientens senaste<\/p>\n<p>exponeringar, anamnes och f\u00f6rekomst av kliniska tecken och symtom som \u00f6verensst\u00e4mmer med covid-19.<\/p>\n<p>Negativa resultat utesluter inte influensavirusinfektioner och b\u00f6r inte anv\u00e4ndas som enda<\/p>\n<p>grund f\u00f6r beslut om behandling eller annan patienthantering.<\/p>\n<p>\u3010Certificate\u3011 (certifikat)<\/p>\n<p>CE,ISO9001,ISO13485<\/p>","protected":false},"excerpt":{"rendered":"<p>Testkassett f\u00f6r sj\u00e4lvtest av covid-19-antigen \u7b80\u77ed\u63cf\u8ff0<\/p>","protected":false},"featured_media":948,"comment_status":"open","ping_status":"closed","template":"","meta":[],"product_brand":[],"product_cat":[20,26],"product_tag":[],"class_list":{"0":"post-945","1":"product","2":"type-product","3":"status-publish","4":"has-post-thumbnail","6":"product_cat-all-products","7":"product_cat-covid-19-sars-cov-2-rapid-test","8":"entry","10":"first","11":"instock","12":"shipping-taxable","13":"purchasable","14":"product-type-variable","15":"has-default-attributes"},"_links":{"self":[{"href":"https:\/\/www.testsealabs-kit.com\/sv\/wp-json\/wp\/v2\/product\/945","targetHints":{"allow":["GET"]}}],"collection":[{"href":"https:\/\/www.testsealabs-kit.com\/sv\/wp-json\/wp\/v2\/product"}],"about":[{"href":"https:\/\/www.testsealabs-kit.com\/sv\/wp-json\/wp\/v2\/types\/product"}],"replies":[{"embeddable":true,"href":"https:\/\/www.testsealabs-kit.com\/sv\/wp-json\/wp\/v2\/comments?post=945"}],"wp:featuredmedia":[{"embeddable":true,"href":"https:\/\/www.testsealabs-kit.com\/sv\/wp-json\/wp\/v2\/media\/948"}],"wp:attachment":[{"href":"https:\/\/www.testsealabs-kit.com\/sv\/wp-json\/wp\/v2\/media?parent=945"}],"wp:term":[{"taxonomy":"product_brand","embeddable":true,"href":"https:\/\/www.testsealabs-kit.com\/sv\/wp-json\/wp\/v2\/product_brand?post=945"},{"taxonomy":"product_cat","embeddable":true,"href":"https:\/\/www.testsealabs-kit.com\/sv\/wp-json\/wp\/v2\/product_cat?post=945"},{"taxonomy":"product_tag","embeddable":true,"href":"https:\/\/www.testsealabs-kit.com\/sv\/wp-json\/wp\/v2\/product_tag?post=945"}],"curies":[{"name":"wp","href":"https:\/\/api.w.org\/{rel}","templated":true}]}}