{"id":991,"date":"2022-04-25T21:15:23","date_gmt":"2022-04-25T13:15:23","guid":{"rendered":"https:\/\/www.testsealabs-kit.com\/?post_type=product&#038;p=991"},"modified":"2022-05-19T11:06:22","modified_gmt":"2022-05-19T03:06:22","slug":"canine-parvo-virus-antigen-test-cassettecpv-ag","status":"publish","type":"product","link":"https:\/\/www.testsealabs-kit.com\/sv\/produkt\/canine-parvo-virus-antigen-test-cassettecpv-ag\/","title":{"rendered":"Testkassett f\u00f6r antigenanalys av parvo-virus hos hundar (CPV AG)"},"content":{"rendered":"<p><span style=\"font-size: 14pt;\">1.F\u00e5 resultat inom 15 minuter<\/span><\/p>\n<p><span style=\"font-size: 14pt;\">2.L\u00e4tt att samla in prover<\/span><\/p>\n<p><span style=\"font-size: 14pt;\">3.Resultaten \u00e4r tydligt synliga<\/span><\/p>\n<p><span style=\"font-size: 14pt;\">4. Ingen utrustning kr\u00e4vs<\/span><\/p>\n<p><span style=\"font-size: 14pt;\">5. l\u00e4mplig f\u00f6r snabb screening i stor skala<\/span><\/p>","protected":false},"excerpt":{"rendered":"<p>Produkten \u00e4r en immunokromatografisk analys med lateralt fl\u00f6de f\u00f6r kvalitativ detektion av Canine Parvovirus-antigener (CPV Ag) i avf\u00f6ring fr\u00e5n hund.<\/p>\n<p>&nbsp;<\/p>\n<p>Efter infektion med CPV kommer CPV att attackera cellerna i tarmepitel och hj\u00e4rtmuskel hos hundar, och de kliniska anifestationerna \u00e4r gastrointestinala sjukdomar och myokardit, valparna \u00e4r mestadels myokardit. Efter infektion kommer hunden att ha en h\u00f6g incidens och d\u00f6dlighet. CPV ger ofta en utbrottsepidemi, och hundar i olika \u00e5ldrar, k\u00f6n och raser kan smittas.<\/p>","protected":false},"featured_media":1216,"comment_status":"open","ping_status":"closed","template":"","meta":[],"product_brand":[],"product_cat":[20,47],"product_tag":[],"class_list":{"0":"post-991","1":"product","2":"type-product","3":"status-publish","4":"has-post-thumbnail","6":"product_cat-all-products","7":"product_cat-animals-diagnostic-rapid-test","8":"entry","10":"first","11":"instock","12":"shipping-taxable","13":"purchasable","14":"product-type-variable","15":"has-default-attributes"},"_links":{"self":[{"href":"https:\/\/www.testsealabs-kit.com\/sv\/wp-json\/wp\/v2\/product\/991","targetHints":{"allow":["GET"]}}],"collection":[{"href":"https:\/\/www.testsealabs-kit.com\/sv\/wp-json\/wp\/v2\/product"}],"about":[{"href":"https:\/\/www.testsealabs-kit.com\/sv\/wp-json\/wp\/v2\/types\/product"}],"replies":[{"embeddable":true,"href":"https:\/\/www.testsealabs-kit.com\/sv\/wp-json\/wp\/v2\/comments?post=991"}],"wp:featuredmedia":[{"embeddable":true,"href":"https:\/\/www.testsealabs-kit.com\/sv\/wp-json\/wp\/v2\/media\/1216"}],"wp:attachment":[{"href":"https:\/\/www.testsealabs-kit.com\/sv\/wp-json\/wp\/v2\/media?parent=991"}],"wp:term":[{"taxonomy":"product_brand","embeddable":true,"href":"https:\/\/www.testsealabs-kit.com\/sv\/wp-json\/wp\/v2\/product_brand?post=991"},{"taxonomy":"product_cat","embeddable":true,"href":"https:\/\/www.testsealabs-kit.com\/sv\/wp-json\/wp\/v2\/product_cat?post=991"},{"taxonomy":"product_tag","embeddable":true,"href":"https:\/\/www.testsealabs-kit.com\/sv\/wp-json\/wp\/v2\/product_tag?post=991"}],"curies":[{"name":"wp","href":"https:\/\/api.w.org\/{rel}","templated":true}]}}